{"id":857,"date":"2024-08-05T16:20:05","date_gmt":"2024-08-05T16:20:05","guid":{"rendered":"https:\/\/generationdistractionfree.org\/teen-driving\/graduated-drivers-license-programs\/"},"modified":"2024-08-30T20:10:03","modified_gmt":"2024-08-30T20:10:03","slug":"graduated-drivers-license-programs","status":"publish","type":"page","link":"https:\/\/generationdistractionfree.org\/es\/teen-driving\/graduated-drivers-license-programs\/","title":{"rendered":"Programa de licencia de conducir"},"content":{"rendered":"<div class=\"content-wide\">\n    <section class=\"content-area flex\">\n        <div class=\"column50 pad-right large-body fader\">\n            <h1 class=\"uppercase\">PROGRAMAS DE LICENCIA DE CONDUCIR PARA ADOLESCENTES (GDL) POR ESTADO<\/h1>\n            <p>Los 50 estados y el Distrito de Columbia tienen programas de GDL, pero los requisitos y restricciones pueden variar de un estado a otro.<\/p>\n        <\/div>\n        <div class=\"column50 slide-left mobile-hide\">\n            <img decoding=\"async\" class=\"image-right\" src=\"https:\/\/generationdistractionfree.org\/wp-content\/uploads\/2024\/08\/sbs-head-img.webp\">\n        <\/div>\n    <\/section>\n<\/div>\n<!-- <div class=\"spacer100\"><\/div> -->\n\n<div class=\"h-road\">\n    <div class=\"h-road-bg face-right\"><\/div>\n<\/div>\n\n\n\n<div style=\"height:150px\" aria-hidden=\"true\" class=\"wp-block-spacer mobile-spacer\"><\/div>\n\n\n\n<div class=\"wp-block-columns content-area is-layout-flex wp-container-core-columns-is-layout-9d6595d7 wp-block-columns-is-layout-flex\">\n<div class=\"wp-block-column left scroll-element mobile-hide is-layout-flow wp-block-column-is-layout-flow\" style=\"flex-basis:33%\">\n<figure class=\"wp-block-image size-full\"><img loading=\"lazy\" decoding=\"async\" width=\"644\" height=\"710\" src=\"https:\/\/generationdistractionfree.org\/wp-content\/uploads\/2024\/08\/sbs-img1.webp\" alt=\"\" class=\"wp-image-285\" srcset=\"https:\/\/generationdistractionfree.org\/wp-content\/uploads\/2024\/08\/sbs-img1.webp 644w, https:\/\/generationdistractionfree.org\/wp-content\/uploads\/2024\/08\/sbs-img1-272x300.webp 272w\" sizes=\"auto, (max-width: 644px) 100vw, 644px\" \/><\/figure>\n<\/div>\n\n\n\n<div class=\"wp-block-column right scroll-element is-layout-flow wp-block-column-is-layout-flow\" style=\"flex-basis:66%\">\n<p class=\"large\"><strong>Los programas GDL de varios estados incluyen:&nbsp;<\/strong><\/p>\n\n\n\n<ul class=\"wp-block-list large\">\n<li>Edad m\u00ednima para un permiso de aprendizaje, licencia intermedia y licencia completa.&nbsp;<\/li>\n\n\n\n<li>Un per\u00edodo obligatorio m\u00ednimo de tener un permiso de aprendizaje.<\/li>\n\n\n\n<li>Requisitos de horas m\u00ednimas para la conducci\u00f3n supervisada durante el d\u00eda y la noche.<\/li>\n\n\n\n<li>Restricciones para conducir de noche y con pasajeros durante la etapa de licencia intermedia.&nbsp;<\/li>\n<\/ul>\n<\/div>\n<\/div>\n\n\n\n<div style=\"height:48px\" aria-hidden=\"true\" class=\"wp-block-spacer\"><\/div>\n\n\n\n<div class=\"wp-block-columns content-area is-layout-flex wp-container-core-columns-is-layout-9d6595d7 wp-block-columns-is-layout-flex\">\n<div class=\"wp-block-column left scroll-element pad-right is-layout-flow wp-block-column-is-layout-flow\" style=\"flex-basis:60%\">\n<p class=\"large\"><strong>Algunos estados pueden tener requisitos adicionales para conductores adolescentes:&nbsp;<\/strong><\/p>\n\n\n\n<ul class=\"wp-block-list large\">\n<li>Prohibici\u00f3n de tel\u00e9fonos celulares y mensajes de texto.<\/li>\n\n\n\n<li>Requisitos de cintur\u00f3n de seguridad.<\/li>\n\n\n\n<li>Cero tolerancia para la conducci\u00f3n bajo el efecto de drogas o alcohol.<\/li>\n\n\n\n<li>Penalizaciones m\u00e1s severas durante la fase de licencia intermedia.<\/li>\n\n\n\n<li>Educaci\u00f3n o capacitaci\u00f3n completa para conductores.<\/li>\n<\/ul>\n<\/div>\n\n\n\n<div class=\"wp-block-column right scroll-element mobile-hide is-layout-flow wp-block-column-is-layout-flow\" style=\"flex-basis:40%\">\n<figure class=\"wp-block-image size-full\"><img loading=\"lazy\" decoding=\"async\" width=\"844\" height=\"672\" src=\"https:\/\/generationdistractionfree.org\/wp-content\/uploads\/2024\/08\/sbs-img2.webp\" alt=\"\" class=\"wp-image-292\" srcset=\"https:\/\/generationdistractionfree.org\/wp-content\/uploads\/2024\/08\/sbs-img2.webp 844w, https:\/\/generationdistractionfree.org\/wp-content\/uploads\/2024\/08\/sbs-img2-300x239.webp 300w, https:\/\/generationdistractionfree.org\/wp-content\/uploads\/2024\/08\/sbs-img2-768x611.webp 768w\" sizes=\"auto, (max-width: 844px) 100vw, 844px\" \/><\/figure>\n<\/div>\n<\/div>\n\n\n\n<div style=\"height:48px\" aria-hidden=\"true\" class=\"wp-block-spacer\"><\/div>\n\n\n<section class=\"content-wide\">\n<div class=\"content-area\">\n    <div class=\"big-button\">\n        <a href=\"https:\/\/www.ghsa.org\/state-laws\/issues\/teen%20and%20novice%20drivers\" class=\"btn-black\" target=\"_blank\">ENCONTRAR EL PROGRAMA GDL DE MI ESTADO<\/a>\n    <\/div>\n<\/div>\n<!-- <div class=\"spacer\"><\/div> -->\n<\/section>\n\n\n<div class=\"h-road\">\n    <div class=\"h-road-bg face-left\"><\/div>\n<\/div>\n\n\n\n<div style=\"height:150px\" aria-hidden=\"true\" class=\"wp-block-spacer mobile-spacer\"><\/div>\n","protected":false},"excerpt":{"rendered":"<p>Los programas GDL de varios estados incluyen:&nbsp; Algunos estados pueden [&hellip;]<\/p>\n","protected":false},"author":1,"featured_media":0,"parent":853,"menu_order":0,"comment_status":"closed","ping_status":"closed","template":"","meta":{"_acf_changed":false,"footnotes":""},"class_list":["post-857","page","type-page","status-publish","hentry"],"acf":[],"yoast_head":"<!-- This site is optimized with the Yoast SEO plugin v23.6 - https:\/\/yoast.com\/wordpress\/plugins\/seo\/ -->\n<title>Programa de licencia de conducir - Governors Highway Safety Association<\/title>\n<meta name=\"robots\" content=\"index, follow, max-snippet:-1, max-image-preview:large, max-video-preview:-1\" \/>\n<link rel=\"canonical\" href=\"https:\/\/generationdistractionfree.org\/es\/teen-driving\/graduated-drivers-license-programs\/\" \/>\n<meta property=\"og:locale\" content=\"es_ES\" \/>\n<meta property=\"og:type\" content=\"article\" \/>\n<meta property=\"og:title\" content=\"Programa de licencia de conducir - Governors Highway Safety Association\" \/>\n<meta property=\"og:description\" content=\"Los programas GDL de varios estados incluyen:&nbsp; Algunos estados pueden [&hellip;]\" \/>\n<meta property=\"og:url\" content=\"https:\/\/generationdistractionfree.org\/es\/teen-driving\/graduated-drivers-license-programs\/\" \/>\n<meta property=\"og:site_name\" content=\"Governors Highway Safety Association\" \/>\n<meta property=\"article:modified_time\" content=\"2024-08-30T20:10:03+00:00\" \/>\n<meta property=\"og:image\" content=\"https:\/\/generationdistractionfree.org\/wp-content\/uploads\/2024\/08\/sbs-img1.webp\" \/>\n<meta name=\"twitter:card\" content=\"summary_large_image\" \/>\n<meta name=\"twitter:label1\" content=\"Tiempo de lectura\" \/>\n\t<meta name=\"twitter:data1\" content=\"1 minuto\" \/>\n<script type=\"application\/ld+json\" class=\"yoast-schema-graph\">{\"@context\":\"https:\/\/schema.org\",\"@graph\":[{\"@type\":\"WebPage\",\"@id\":\"https:\/\/generationdistractionfree.org\/es\/teen-driving\/graduated-drivers-license-programs\/\",\"url\":\"https:\/\/generationdistractionfree.org\/es\/teen-driving\/graduated-drivers-license-programs\/\",\"name\":\"Programa de licencia de conducir - Governors Highway Safety Association\",\"isPartOf\":{\"@id\":\"https:\/\/generationdistractionfree.org\/es\/#website\"},\"primaryImageOfPage\":{\"@id\":\"https:\/\/generationdistractionfree.org\/es\/teen-driving\/graduated-drivers-license-programs\/#primaryimage\"},\"image\":{\"@id\":\"https:\/\/generationdistractionfree.org\/es\/teen-driving\/graduated-drivers-license-programs\/#primaryimage\"},\"thumbnailUrl\":\"https:\/\/generationdistractionfree.org\/wp-content\/uploads\/2024\/08\/sbs-img1.webp\",\"datePublished\":\"2024-08-05T16:20:05+00:00\",\"dateModified\":\"2024-08-30T20:10:03+00:00\",\"breadcrumb\":{\"@id\":\"https:\/\/generationdistractionfree.org\/es\/teen-driving\/graduated-drivers-license-programs\/#breadcrumb\"},\"inLanguage\":\"es\",\"potentialAction\":[{\"@type\":\"ReadAction\",\"target\":[\"https:\/\/generationdistractionfree.org\/es\/teen-driving\/graduated-drivers-license-programs\/\"]}]},{\"@type\":\"ImageObject\",\"inLanguage\":\"es\",\"@id\":\"https:\/\/generationdistractionfree.org\/es\/teen-driving\/graduated-drivers-license-programs\/#primaryimage\",\"url\":\"https:\/\/generationdistractionfree.org\/wp-content\/uploads\/2024\/08\/sbs-img1.webp\",\"contentUrl\":\"https:\/\/generationdistractionfree.org\/wp-content\/uploads\/2024\/08\/sbs-img1.webp\"},{\"@type\":\"BreadcrumbList\",\"@id\":\"https:\/\/generationdistractionfree.org\/es\/teen-driving\/graduated-drivers-license-programs\/#breadcrumb\",\"itemListElement\":[{\"@type\":\"ListItem\",\"position\":1,\"name\":\"Home\",\"item\":\"https:\/\/generationdistractionfree.org\/es\/\"},{\"@type\":\"ListItem\",\"position\":2,\"name\":\"Conductores adolescentes\",\"item\":\"https:\/\/generationdistractionfree.org\/es\/teen-driving\/\"},{\"@type\":\"ListItem\",\"position\":3,\"name\":\"Programa de licencia de conducir\"}]},{\"@type\":\"WebSite\",\"@id\":\"https:\/\/generationdistractionfree.org\/es\/#website\",\"url\":\"https:\/\/generationdistractionfree.org\/es\/\",\"name\":\"Governors Highway Safety Association\",\"description\":\"\",\"publisher\":{\"@id\":\"https:\/\/generationdistractionfree.org\/es\/#organization\"},\"potentialAction\":[{\"@type\":\"SearchAction\",\"target\":{\"@type\":\"EntryPoint\",\"urlTemplate\":\"https:\/\/generationdistractionfree.org\/es\/?s={search_term_string}\"},\"query-input\":{\"@type\":\"PropertyValueSpecification\",\"valueRequired\":true,\"valueName\":\"search_term_string\"}}],\"inLanguage\":\"es\"},{\"@type\":\"Organization\",\"@id\":\"https:\/\/generationdistractionfree.org\/es\/#organization\",\"name\":\"Governors Highway Safety Association\",\"url\":\"https:\/\/generationdistractionfree.org\/es\/\",\"logo\":{\"@type\":\"ImageObject\",\"inLanguage\":\"es\",\"@id\":\"https:\/\/generationdistractionfree.org\/es\/#\/schema\/logo\/image\/\",\"url\":\"https:\/\/generationdistractionfree.org\/wp-content\/uploads\/2024\/08\/ghsa-foot-logo.webp\",\"contentUrl\":\"https:\/\/generationdistractionfree.org\/wp-content\/uploads\/2024\/08\/ghsa-foot-logo.webp\",\"width\":400,\"height\":123,\"caption\":\"Governors Highway Safety Association\"},\"image\":{\"@id\":\"https:\/\/generationdistractionfree.org\/es\/#\/schema\/logo\/image\/\"}}]}<\/script>\n<!-- \/ Yoast SEO plugin. -->","yoast_head_json":{"title":"Programa de licencia de conducir - Governors Highway Safety Association","robots":{"index":"index","follow":"follow","max-snippet":"max-snippet:-1","max-image-preview":"max-image-preview:large","max-video-preview":"max-video-preview:-1"},"canonical":"https:\/\/generationdistractionfree.org\/es\/teen-driving\/graduated-drivers-license-programs\/","og_locale":"es_ES","og_type":"article","og_title":"Programa de licencia de conducir - Governors Highway Safety Association","og_description":"Los programas GDL de varios estados incluyen:&nbsp; Algunos estados pueden [&hellip;]","og_url":"https:\/\/generationdistractionfree.org\/es\/teen-driving\/graduated-drivers-license-programs\/","og_site_name":"Governors Highway Safety Association","article_modified_time":"2024-08-30T20:10:03+00:00","og_image":[{"url":"https:\/\/generationdistractionfree.org\/wp-content\/uploads\/2024\/08\/sbs-img1.webp"}],"twitter_card":"summary_large_image","twitter_misc":{"Tiempo de lectura":"1 minuto"},"schema":{"@context":"https:\/\/schema.org","@graph":[{"@type":"WebPage","@id":"https:\/\/generationdistractionfree.org\/es\/teen-driving\/graduated-drivers-license-programs\/","url":"https:\/\/generationdistractionfree.org\/es\/teen-driving\/graduated-drivers-license-programs\/","name":"Programa de licencia de conducir - Governors Highway Safety Association","isPartOf":{"@id":"https:\/\/generationdistractionfree.org\/es\/#website"},"primaryImageOfPage":{"@id":"https:\/\/generationdistractionfree.org\/es\/teen-driving\/graduated-drivers-license-programs\/#primaryimage"},"image":{"@id":"https:\/\/generationdistractionfree.org\/es\/teen-driving\/graduated-drivers-license-programs\/#primaryimage"},"thumbnailUrl":"https:\/\/generationdistractionfree.org\/wp-content\/uploads\/2024\/08\/sbs-img1.webp","datePublished":"2024-08-05T16:20:05+00:00","dateModified":"2024-08-30T20:10:03+00:00","breadcrumb":{"@id":"https:\/\/generationdistractionfree.org\/es\/teen-driving\/graduated-drivers-license-programs\/#breadcrumb"},"inLanguage":"es","potentialAction":[{"@type":"ReadAction","target":["https:\/\/generationdistractionfree.org\/es\/teen-driving\/graduated-drivers-license-programs\/"]}]},{"@type":"ImageObject","inLanguage":"es","@id":"https:\/\/generationdistractionfree.org\/es\/teen-driving\/graduated-drivers-license-programs\/#primaryimage","url":"https:\/\/generationdistractionfree.org\/wp-content\/uploads\/2024\/08\/sbs-img1.webp","contentUrl":"https:\/\/generationdistractionfree.org\/wp-content\/uploads\/2024\/08\/sbs-img1.webp"},{"@type":"BreadcrumbList","@id":"https:\/\/generationdistractionfree.org\/es\/teen-driving\/graduated-drivers-license-programs\/#breadcrumb","itemListElement":[{"@type":"ListItem","position":1,"name":"Home","item":"https:\/\/generationdistractionfree.org\/es\/"},{"@type":"ListItem","position":2,"name":"Conductores adolescentes","item":"https:\/\/generationdistractionfree.org\/es\/teen-driving\/"},{"@type":"ListItem","position":3,"name":"Programa de licencia de conducir"}]},{"@type":"WebSite","@id":"https:\/\/generationdistractionfree.org\/es\/#website","url":"https:\/\/generationdistractionfree.org\/es\/","name":"Governors Highway Safety Association","description":"","publisher":{"@id":"https:\/\/generationdistractionfree.org\/es\/#organization"},"potentialAction":[{"@type":"SearchAction","target":{"@type":"EntryPoint","urlTemplate":"https:\/\/generationdistractionfree.org\/es\/?s={search_term_string}"},"query-input":{"@type":"PropertyValueSpecification","valueRequired":true,"valueName":"search_term_string"}}],"inLanguage":"es"},{"@type":"Organization","@id":"https:\/\/generationdistractionfree.org\/es\/#organization","name":"Governors Highway Safety Association","url":"https:\/\/generationdistractionfree.org\/es\/","logo":{"@type":"ImageObject","inLanguage":"es","@id":"https:\/\/generationdistractionfree.org\/es\/#\/schema\/logo\/image\/","url":"https:\/\/generationdistractionfree.org\/wp-content\/uploads\/2024\/08\/ghsa-foot-logo.webp","contentUrl":"https:\/\/generationdistractionfree.org\/wp-content\/uploads\/2024\/08\/ghsa-foot-logo.webp","width":400,"height":123,"caption":"Governors Highway Safety Association"},"image":{"@id":"https:\/\/generationdistractionfree.org\/es\/#\/schema\/logo\/image\/"}}]}},"_links":{"self":[{"href":"https:\/\/generationdistractionfree.org\/es\/wp-json\/wp\/v2\/pages\/857","targetHints":{"allow":["GET"]}}],"collection":[{"href":"https:\/\/generationdistractionfree.org\/es\/wp-json\/wp\/v2\/pages"}],"about":[{"href":"https:\/\/generationdistractionfree.org\/es\/wp-json\/wp\/v2\/types\/page"}],"author":[{"embeddable":true,"href":"https:\/\/generationdistractionfree.org\/es\/wp-json\/wp\/v2\/users\/1"}],"replies":[{"embeddable":true,"href":"https:\/\/generationdistractionfree.org\/es\/wp-json\/wp\/v2\/comments?post=857"}],"version-history":[{"count":0,"href":"https:\/\/generationdistractionfree.org\/es\/wp-json\/wp\/v2\/pages\/857\/revisions"}],"up":[{"embeddable":true,"href":"https:\/\/generationdistractionfree.org\/es\/wp-json\/wp\/v2\/pages\/853"}],"wp:attachment":[{"href":"https:\/\/generationdistractionfree.org\/es\/wp-json\/wp\/v2\/media?parent=857"}],"curies":[{"name":"wp","href":"https:\/\/api.w.org\/{rel}","templated":true}]}}