{"id":855,"date":"2024-08-05T19:13:20","date_gmt":"2024-08-05T19:13:20","guid":{"rendered":"https:\/\/generationdistractionfree.org\/teen-driving\/family-rules\/"},"modified":"2024-09-03T21:42:04","modified_gmt":"2024-09-03T21:42:04","slug":"family-rules","status":"publish","type":"page","link":"https:\/\/generationdistractionfree.org\/es\/teen-driving\/family-rules\/","title":{"rendered":"Reglas de la familia"},"content":{"rendered":"<div class=\"content-wide\">\n    <section class=\"content-area flex\">\n        <div class=\"column50 pad-right large-body fader\">\n            <h1 class=\"uppercase\">APRENDER, PLANIFICAR, ACTUAR<\/h1>\n            <p>Le ayudaste a tu hijo a realizar todo tipo de haza\u00f1as atrevidas, desde aprender a andar bicicleta hasta lanzarse a la parte profunda de una alberca. Conducir es uno de los pasos siguientes m\u00e1s importantes. Con el enfoque adecuado, lo que parece aterrador al principio se convierte en algo rutinario con el tiempo.<\/p>\n<p>Recuerda que las leyes estatales son los requisitos m\u00ednimos para los conductores adolescentes y sus padres o tutores. Puedes decidir retrasar el momento en que tu adolescente comience a conducir, establecer per\u00edodos m\u00e1s largos con el permiso o la licencia intermedia, o exigir m\u00e1s horas de pr\u00e1ctica en diferentes momentos del d\u00eda y condiciones clim\u00e1ticas. Como padre, decides cu\u00e1ndo y c\u00f3mo conduce tu adolescente.<\/p>\n        <\/div>\n        <div class=\"column50 slide-left mobile-hide\">\n            <img decoding=\"async\" class=\"image-right\" src=\"https:\/\/generationdistractionfree.org\/wp-content\/uploads\/2024\/08\/lpa-head-img.webp\">\n        <\/div>\n    <\/section>\n<\/div>\n<!-- <div class=\"spacer100\"><\/div> -->\n\n<div class=\"h-road\">\n    <div class=\"h-road-bg face-right\"><\/div>\n<\/div>\n\n\n\n<div style=\"height:150px\" aria-hidden=\"true\" class=\"wp-block-spacer mobile-spacer\"><\/div>\n\n\n\n<div class=\"wp-block-columns content-area is-layout-flex wp-container-core-columns-is-layout-9d6595d7 wp-block-columns-is-layout-flex\">\n<div class=\"wp-block-column left scroll-element mobile-hide is-layout-flow wp-block-column-is-layout-flow\" style=\"flex-basis:33%\">\n<figure class=\"wp-block-image size-full\"><img loading=\"lazy\" decoding=\"async\" width=\"778\" height=\"826\" src=\"https:\/\/generationdistractionfree.org\/wp-content\/uploads\/2024\/08\/lpa-im1.webp\" alt=\"\" class=\"wp-image-310\" srcset=\"https:\/\/generationdistractionfree.org\/wp-content\/uploads\/2024\/08\/lpa-im1.webp 778w, https:\/\/generationdistractionfree.org\/wp-content\/uploads\/2024\/08\/lpa-im1-283x300.webp 283w, https:\/\/generationdistractionfree.org\/wp-content\/uploads\/2024\/08\/lpa-im1-768x815.webp 768w\" sizes=\"auto, (max-width: 778px) 100vw, 778px\" \/><\/figure>\n<\/div>\n\n\n\n<div class=\"wp-block-column right scroll-element pad-right is-layout-flow wp-block-column-is-layout-flow\" style=\"flex-basis:66%\">\n<p class=\"large extra-b-margin\">Cuando tu adolescente se acerque a la edad de conducir en tu estado, sigue estos pasos para hacer la transici\u00f3n de pasajero a conductor.<\/p>\n\n\n\n<div class=\"wp-block-columns is-not-stacked-on-mobile gdl-gap is-layout-flex wp-container-core-columns-is-layout-9d6595d7 wp-block-columns-is-layout-flex\">\n<div class=\"wp-block-column is-layout-flow wp-block-column-is-layout-flow\" style=\"flex-basis:40px\">\n<figure class=\"wp-block-image size-full is-resized\"><img loading=\"lazy\" decoding=\"async\" width=\"80\" height=\"82\" src=\"https:\/\/generationdistractionfree.org\/wp-content\/uploads\/2024\/08\/circle1.webp\" alt=\"\" class=\"wp-image-250\" style=\"width:40px\"\/><\/figure>\n<\/div>\n\n\n\n<div class=\"wp-block-column is-layout-flow wp-block-column-is-layout-flow\" style=\"flex-basis:100%\">\n<p class=\"gdl-padtop large\"><strong>Inf\u00f3rmense juntos sobre el programa GDL de su estado.<\/strong><\/p>\n\n\n\n<ul class=\"wp-block-list large mobile-hide\">\n<li>Conversen en familia sobre qui\u00e9n, qu\u00e9, cu\u00e1ndo, d\u00f3nde, c\u00f3mo y por qu\u00e9 en relaci\u00f3n con el programa de su estado.<\/li>\n\n\n\n<li>Hablen sobre c\u00f3mo los objetivos del programa ayudan a tu adolescente a desarrollar habilidades, experiencia y confianza con el tiempo, al tiempo que reduce su riesgo de choque.<\/li>\n<\/ul>\n<\/div>\n<\/div>\n<\/div>\n<\/div>\n\n\n\n<div style=\"height:48px\" aria-hidden=\"true\" class=\"wp-block-spacer mobile-hide\"><\/div>\n\n\n\n<div class=\"wp-block-columns content-area is-layout-flex wp-container-core-columns-is-layout-9d6595d7 wp-block-columns-is-layout-flex\">\n<div class=\"wp-block-column left scroll-element pad-right is-layout-flow wp-block-column-is-layout-flow\" style=\"flex-basis:66%\">\n<div class=\"wp-block-columns is-not-stacked-on-mobile gdl-gap is-layout-flex wp-container-core-columns-is-layout-9d6595d7 wp-block-columns-is-layout-flex\">\n<div class=\"wp-block-column is-layout-flow wp-block-column-is-layout-flow\" style=\"flex-basis:40px\">\n<figure class=\"wp-block-image size-full is-resized\"><img loading=\"lazy\" decoding=\"async\" width=\"80\" height=\"82\" src=\"https:\/\/generationdistractionfree.org\/wp-content\/uploads\/2024\/08\/circle2.webp\" alt=\"\" class=\"wp-image-251\" style=\"width:40px\"\/><\/figure>\n<\/div>\n\n\n\n<div class=\"wp-block-column is-layout-flow wp-block-column-is-layout-flow\" style=\"flex-basis:100%\">\n<p class=\"gdl-padtop large\"><strong>Planifica c\u00f3mo abordar\u00e1s el programa GDL con tu adolescente.<\/strong><\/p>\n\n\n\n<ul class=\"wp-block-list large mobile-hide\">\n<li>\u00bfT\u00fa o alg\u00fan familiar le ense\u00f1ar\u00e1 a conducir?<\/li>\n\n\n\n<li>\u00bfDeber\u00eda inscribirse en un curso de conducci\u00f3n? Las investigaciones muestran que los adolescentes que se inscriben en cursos de educaci\u00f3n y capacitaci\u00f3n para conductores tienen menos probabilidades de chocar o cometer infracciones.<\/li>\n\n\n\n<li>Haz un acuerdo de conducci\u00f3n de padres y adolescentes que incluya los detalles del programa GDL en tu estado, as\u00ed como las reglas familiares. Incluye las consecuencias de no cumplir con el acuerdo. Haz que todos lo firmen y ponlo en el exterior del refrigerador como recordatorio diario para toda la familia.<\/li>\n<\/ul>\n<\/div>\n<\/div>\n<\/div>\n\n\n\n<div class=\"wp-block-column right scroll-element mobile-hide is-layout-flow wp-block-column-is-layout-flow\" style=\"flex-basis:33%\">\n<figure class=\"wp-block-image size-full\"><img loading=\"lazy\" decoding=\"async\" width=\"778\" height=\"826\" src=\"https:\/\/generationdistractionfree.org\/wp-content\/uploads\/2024\/08\/lpa-img2.webp\" alt=\"\" class=\"wp-image-313\" srcset=\"https:\/\/generationdistractionfree.org\/wp-content\/uploads\/2024\/08\/lpa-img2.webp 778w, https:\/\/generationdistractionfree.org\/wp-content\/uploads\/2024\/08\/lpa-img2-283x300.webp 283w, https:\/\/generationdistractionfree.org\/wp-content\/uploads\/2024\/08\/lpa-img2-768x815.webp 768w\" sizes=\"auto, (max-width: 778px) 100vw, 778px\" \/><\/figure>\n<\/div>\n<\/div>\n\n\n\n<div style=\"height:48px\" aria-hidden=\"true\" class=\"wp-block-spacer mobile-hide\"><\/div>\n\n\n\n<div class=\"wp-block-columns content-area is-layout-flex wp-container-core-columns-is-layout-9d6595d7 wp-block-columns-is-layout-flex\">\n<div class=\"wp-block-column left scroll-element mobile-hide is-layout-flow wp-block-column-is-layout-flow\" style=\"flex-basis:33%\">\n<figure class=\"wp-block-image size-full\"><img loading=\"lazy\" decoding=\"async\" width=\"778\" height=\"826\" src=\"https:\/\/generationdistractionfree.org\/wp-content\/uploads\/2024\/08\/lpa-img3.webp\" alt=\"\" class=\"wp-image-314\" srcset=\"https:\/\/generationdistractionfree.org\/wp-content\/uploads\/2024\/08\/lpa-img3.webp 778w, https:\/\/generationdistractionfree.org\/wp-content\/uploads\/2024\/08\/lpa-img3-283x300.webp 283w, https:\/\/generationdistractionfree.org\/wp-content\/uploads\/2024\/08\/lpa-img3-768x815.webp 768w\" sizes=\"auto, (max-width: 778px) 100vw, 778px\" \/><\/figure>\n<\/div>\n\n\n\n<div class=\"wp-block-column right scroll-element pad-right is-layout-flow wp-block-column-is-layout-flow\" style=\"flex-basis:66%\">\n<div class=\"wp-block-columns is-not-stacked-on-mobile gdl-gap is-layout-flex wp-container-core-columns-is-layout-9d6595d7 wp-block-columns-is-layout-flex\">\n<div class=\"wp-block-column is-layout-flow wp-block-column-is-layout-flow\" style=\"flex-basis:40px\">\n<figure class=\"wp-block-image size-full is-resized\"><img loading=\"lazy\" decoding=\"async\" width=\"80\" height=\"82\" src=\"https:\/\/generationdistractionfree.org\/wp-content\/uploads\/2024\/08\/circle3.webp\" alt=\"\" class=\"wp-image-252\" style=\"width:40px\"\/><\/figure>\n<\/div>\n\n\n\n<div class=\"wp-block-column is-layout-flow wp-block-column-is-layout-flow\" style=\"flex-basis:100%\">\n<p class=\"gdl-padtop large\"><strong>Act\u00faa de acuerdo con las leyes de tu estado y el plan que hicieron como familia. Recuerda: los programas GDL exigen lo m\u00ednimo. Puedes cubrir mucho m\u00e1s con las reglas familiares.<\/strong><\/p>\n\n\n\n<ul class=\"wp-block-list large mobile-hide\">\n<li>Siempre conduce como quieres que tu adolescente conduzca.<\/li>\n\n\n\n<li>Haz que sea una prioridad el cumplimiento del requisito de conducci\u00f3n supervisada durante el d\u00eda y la noche, as\u00ed como en todo tipo de clima y condiciones de tr\u00e1fico.<\/li>\n\n\n\n<li>Practica mantener la concentraci\u00f3n y la calma al supervisar a tu adolescente.<\/li>\n\n\n\n<li>Cumple las consecuencias que acordaron, si no sigue las reglas que establecieron juntos.<\/li>\n<\/ul>\n<\/div>\n<\/div>\n<\/div>\n<\/div>\n\n\n\n<div style=\"height:100px\" aria-hidden=\"true\" class=\"wp-block-spacer mobile-spacer\"><\/div>\n\n\n<section class=\"content-wide\">\n<div class=\"content-area\">\n    <div class=\"big-button\">\n        <a href=\"https:\/\/generationdistractionfree.org\/wp-content\/uploads\/2024\/09\/Parent-Teen_Agreement_SPN.pdf\" class=\"btn-black\" target=\"_blank\">DESCARGAR ACUERDO DE CONDUCCI\u00d3N ENTRE PADRES Y ADOLESCENTES<\/a>\n    <\/div>\n<\/div>\n<!-- <div class=\"spacer\"><\/div> -->\n<\/section>\n\n\n<div class=\"h-road\">\n    <div class=\"h-road-bg face-left\"><\/div>\n<\/div>\n\n\n\n<div style=\"height:150px\" aria-hidden=\"true\" class=\"wp-block-spacer mobile-spacer\"><\/div>\n","protected":false},"excerpt":{"rendered":"<p>Cuando tu adolescente se acerque a la edad de conducir [&hellip;]<\/p>\n","protected":false},"author":1,"featured_media":0,"parent":853,"menu_order":0,"comment_status":"closed","ping_status":"closed","template":"","meta":{"_acf_changed":false,"footnotes":""},"class_list":["post-855","page","type-page","status-publish","hentry"],"acf":[],"yoast_head":"<!-- This site is optimized with the Yoast SEO plugin v23.6 - https:\/\/yoast.com\/wordpress\/plugins\/seo\/ -->\n<title>Reglas de la familia - Governors Highway Safety Association<\/title>\n<meta name=\"robots\" content=\"index, follow, max-snippet:-1, max-image-preview:large, max-video-preview:-1\" \/>\n<link rel=\"canonical\" href=\"https:\/\/generationdistractionfree.org\/es\/teen-driving\/family-rules\/\" \/>\n<meta property=\"og:locale\" content=\"es_ES\" \/>\n<meta property=\"og:type\" content=\"article\" \/>\n<meta property=\"og:title\" content=\"Reglas de la familia - Governors Highway Safety Association\" \/>\n<meta property=\"og:description\" content=\"Cuando tu adolescente se acerque a la edad de conducir [&hellip;]\" \/>\n<meta property=\"og:url\" content=\"https:\/\/generationdistractionfree.org\/es\/teen-driving\/family-rules\/\" \/>\n<meta property=\"og:site_name\" content=\"Governors Highway Safety Association\" \/>\n<meta property=\"article:modified_time\" content=\"2024-09-03T21:42:04+00:00\" \/>\n<meta property=\"og:image\" content=\"https:\/\/generationdistractionfree.org\/wp-content\/uploads\/2024\/08\/lpa-im1.webp\" \/>\n<meta name=\"twitter:card\" content=\"summary_large_image\" \/>\n<meta name=\"twitter:label1\" content=\"Tiempo de lectura\" \/>\n\t<meta name=\"twitter:data1\" content=\"3 minutos\" \/>\n<script type=\"application\/ld+json\" class=\"yoast-schema-graph\">{\"@context\":\"https:\/\/schema.org\",\"@graph\":[{\"@type\":\"WebPage\",\"@id\":\"https:\/\/generationdistractionfree.org\/es\/teen-driving\/family-rules\/\",\"url\":\"https:\/\/generationdistractionfree.org\/es\/teen-driving\/family-rules\/\",\"name\":\"Reglas de la familia - Governors Highway Safety Association\",\"isPartOf\":{\"@id\":\"https:\/\/generationdistractionfree.org\/es\/#website\"},\"primaryImageOfPage\":{\"@id\":\"https:\/\/generationdistractionfree.org\/es\/teen-driving\/family-rules\/#primaryimage\"},\"image\":{\"@id\":\"https:\/\/generationdistractionfree.org\/es\/teen-driving\/family-rules\/#primaryimage\"},\"thumbnailUrl\":\"https:\/\/generationdistractionfree.org\/wp-content\/uploads\/2024\/08\/lpa-im1.webp\",\"datePublished\":\"2024-08-05T19:13:20+00:00\",\"dateModified\":\"2024-09-03T21:42:04+00:00\",\"breadcrumb\":{\"@id\":\"https:\/\/generationdistractionfree.org\/es\/teen-driving\/family-rules\/#breadcrumb\"},\"inLanguage\":\"es\",\"potentialAction\":[{\"@type\":\"ReadAction\",\"target\":[\"https:\/\/generationdistractionfree.org\/es\/teen-driving\/family-rules\/\"]}]},{\"@type\":\"ImageObject\",\"inLanguage\":\"es\",\"@id\":\"https:\/\/generationdistractionfree.org\/es\/teen-driving\/family-rules\/#primaryimage\",\"url\":\"https:\/\/generationdistractionfree.org\/wp-content\/uploads\/2024\/08\/lpa-im1.webp\",\"contentUrl\":\"https:\/\/generationdistractionfree.org\/wp-content\/uploads\/2024\/08\/lpa-im1.webp\"},{\"@type\":\"BreadcrumbList\",\"@id\":\"https:\/\/generationdistractionfree.org\/es\/teen-driving\/family-rules\/#breadcrumb\",\"itemListElement\":[{\"@type\":\"ListItem\",\"position\":1,\"name\":\"Home\",\"item\":\"https:\/\/generationdistractionfree.org\/es\/\"},{\"@type\":\"ListItem\",\"position\":2,\"name\":\"Conductores adolescentes\",\"item\":\"https:\/\/generationdistractionfree.org\/es\/teen-driving\/\"},{\"@type\":\"ListItem\",\"position\":3,\"name\":\"Reglas de la familia\"}]},{\"@type\":\"WebSite\",\"@id\":\"https:\/\/generationdistractionfree.org\/es\/#website\",\"url\":\"https:\/\/generationdistractionfree.org\/es\/\",\"name\":\"Governors Highway Safety Association\",\"description\":\"\",\"publisher\":{\"@id\":\"https:\/\/generationdistractionfree.org\/es\/#organization\"},\"potentialAction\":[{\"@type\":\"SearchAction\",\"target\":{\"@type\":\"EntryPoint\",\"urlTemplate\":\"https:\/\/generationdistractionfree.org\/es\/?s={search_term_string}\"},\"query-input\":{\"@type\":\"PropertyValueSpecification\",\"valueRequired\":true,\"valueName\":\"search_term_string\"}}],\"inLanguage\":\"es\"},{\"@type\":\"Organization\",\"@id\":\"https:\/\/generationdistractionfree.org\/es\/#organization\",\"name\":\"Governors Highway Safety Association\",\"url\":\"https:\/\/generationdistractionfree.org\/es\/\",\"logo\":{\"@type\":\"ImageObject\",\"inLanguage\":\"es\",\"@id\":\"https:\/\/generationdistractionfree.org\/es\/#\/schema\/logo\/image\/\",\"url\":\"https:\/\/generationdistractionfree.org\/wp-content\/uploads\/2024\/08\/ghsa-foot-logo.webp\",\"contentUrl\":\"https:\/\/generationdistractionfree.org\/wp-content\/uploads\/2024\/08\/ghsa-foot-logo.webp\",\"width\":400,\"height\":123,\"caption\":\"Governors Highway Safety Association\"},\"image\":{\"@id\":\"https:\/\/generationdistractionfree.org\/es\/#\/schema\/logo\/image\/\"}}]}<\/script>\n<!-- \/ Yoast SEO plugin. -->","yoast_head_json":{"title":"Reglas de la familia - Governors Highway Safety Association","robots":{"index":"index","follow":"follow","max-snippet":"max-snippet:-1","max-image-preview":"max-image-preview:large","max-video-preview":"max-video-preview:-1"},"canonical":"https:\/\/generationdistractionfree.org\/es\/teen-driving\/family-rules\/","og_locale":"es_ES","og_type":"article","og_title":"Reglas de la familia - Governors Highway Safety Association","og_description":"Cuando tu adolescente se acerque a la edad de conducir [&hellip;]","og_url":"https:\/\/generationdistractionfree.org\/es\/teen-driving\/family-rules\/","og_site_name":"Governors Highway Safety Association","article_modified_time":"2024-09-03T21:42:04+00:00","og_image":[{"url":"https:\/\/generationdistractionfree.org\/wp-content\/uploads\/2024\/08\/lpa-im1.webp"}],"twitter_card":"summary_large_image","twitter_misc":{"Tiempo de lectura":"3 minutos"},"schema":{"@context":"https:\/\/schema.org","@graph":[{"@type":"WebPage","@id":"https:\/\/generationdistractionfree.org\/es\/teen-driving\/family-rules\/","url":"https:\/\/generationdistractionfree.org\/es\/teen-driving\/family-rules\/","name":"Reglas de la familia - Governors Highway Safety Association","isPartOf":{"@id":"https:\/\/generationdistractionfree.org\/es\/#website"},"primaryImageOfPage":{"@id":"https:\/\/generationdistractionfree.org\/es\/teen-driving\/family-rules\/#primaryimage"},"image":{"@id":"https:\/\/generationdistractionfree.org\/es\/teen-driving\/family-rules\/#primaryimage"},"thumbnailUrl":"https:\/\/generationdistractionfree.org\/wp-content\/uploads\/2024\/08\/lpa-im1.webp","datePublished":"2024-08-05T19:13:20+00:00","dateModified":"2024-09-03T21:42:04+00:00","breadcrumb":{"@id":"https:\/\/generationdistractionfree.org\/es\/teen-driving\/family-rules\/#breadcrumb"},"inLanguage":"es","potentialAction":[{"@type":"ReadAction","target":["https:\/\/generationdistractionfree.org\/es\/teen-driving\/family-rules\/"]}]},{"@type":"ImageObject","inLanguage":"es","@id":"https:\/\/generationdistractionfree.org\/es\/teen-driving\/family-rules\/#primaryimage","url":"https:\/\/generationdistractionfree.org\/wp-content\/uploads\/2024\/08\/lpa-im1.webp","contentUrl":"https:\/\/generationdistractionfree.org\/wp-content\/uploads\/2024\/08\/lpa-im1.webp"},{"@type":"BreadcrumbList","@id":"https:\/\/generationdistractionfree.org\/es\/teen-driving\/family-rules\/#breadcrumb","itemListElement":[{"@type":"ListItem","position":1,"name":"Home","item":"https:\/\/generationdistractionfree.org\/es\/"},{"@type":"ListItem","position":2,"name":"Conductores adolescentes","item":"https:\/\/generationdistractionfree.org\/es\/teen-driving\/"},{"@type":"ListItem","position":3,"name":"Reglas de la familia"}]},{"@type":"WebSite","@id":"https:\/\/generationdistractionfree.org\/es\/#website","url":"https:\/\/generationdistractionfree.org\/es\/","name":"Governors Highway Safety Association","description":"","publisher":{"@id":"https:\/\/generationdistractionfree.org\/es\/#organization"},"potentialAction":[{"@type":"SearchAction","target":{"@type":"EntryPoint","urlTemplate":"https:\/\/generationdistractionfree.org\/es\/?s={search_term_string}"},"query-input":{"@type":"PropertyValueSpecification","valueRequired":true,"valueName":"search_term_string"}}],"inLanguage":"es"},{"@type":"Organization","@id":"https:\/\/generationdistractionfree.org\/es\/#organization","name":"Governors Highway Safety Association","url":"https:\/\/generationdistractionfree.org\/es\/","logo":{"@type":"ImageObject","inLanguage":"es","@id":"https:\/\/generationdistractionfree.org\/es\/#\/schema\/logo\/image\/","url":"https:\/\/generationdistractionfree.org\/wp-content\/uploads\/2024\/08\/ghsa-foot-logo.webp","contentUrl":"https:\/\/generationdistractionfree.org\/wp-content\/uploads\/2024\/08\/ghsa-foot-logo.webp","width":400,"height":123,"caption":"Governors Highway Safety Association"},"image":{"@id":"https:\/\/generationdistractionfree.org\/es\/#\/schema\/logo\/image\/"}}]}},"_links":{"self":[{"href":"https:\/\/generationdistractionfree.org\/es\/wp-json\/wp\/v2\/pages\/855","targetHints":{"allow":["GET"]}}],"collection":[{"href":"https:\/\/generationdistractionfree.org\/es\/wp-json\/wp\/v2\/pages"}],"about":[{"href":"https:\/\/generationdistractionfree.org\/es\/wp-json\/wp\/v2\/types\/page"}],"author":[{"embeddable":true,"href":"https:\/\/generationdistractionfree.org\/es\/wp-json\/wp\/v2\/users\/1"}],"replies":[{"embeddable":true,"href":"https:\/\/generationdistractionfree.org\/es\/wp-json\/wp\/v2\/comments?post=855"}],"version-history":[{"count":0,"href":"https:\/\/generationdistractionfree.org\/es\/wp-json\/wp\/v2\/pages\/855\/revisions"}],"up":[{"embeddable":true,"href":"https:\/\/generationdistractionfree.org\/es\/wp-json\/wp\/v2\/pages\/853"}],"wp:attachment":[{"href":"https:\/\/generationdistractionfree.org\/es\/wp-json\/wp\/v2\/media?parent=855"}],"curies":[{"name":"wp","href":"https:\/\/api.w.org\/{rel}","templated":true}]}}