{"id":853,"date":"2024-08-02T20:57:24","date_gmt":"2024-08-02T20:57:24","guid":{"rendered":"https:\/\/generationdistractionfree.org\/teen-driving\/"},"modified":"2024-09-06T16:50:00","modified_gmt":"2024-09-06T16:50:00","slug":"teen-driving","status":"publish","type":"page","link":"https:\/\/generationdistractionfree.org\/es\/teen-driving\/","title":{"rendered":"Conductores adolescentes"},"content":{"rendered":"<div class=\"content-wide\">\n    <section class=\"content-area flex\">\n        <div class=\"column50 pad-right large-body fader\">\n            <h1 class=\"uppercase\">\u00bfPOR QU\u00c9 HAY LICENCIAS DE CONDUCIR ESPECIALES PARA ADOLESCENTES? <\/h1>\n            <p>\u00bfRecuerdas cu\u00e1ndo aprendiste a conducir? Las cosas han cambiado. El proceso ha evolucionado gracias a los programas de licencias de conducir para adolescentes (GDL).<\/p>\n<p>Los <a href=\"https:\/\/generationdistractionfree.org\/es\/teen-driving\/graduated-drivers-license-programs\/\">programas GDL<\/a> ayudan a los adolescentes a practicar y ganar m\u00e1s experiencia con el tiempo, reduciendo su riesgo. Despacio y con constancia se gana la carrera, como dice el dicho. Este enfoque ayuda a su adolescente a desarrollar y fortalecer las habilidades de conducir.<\/p>\n        <\/div>\n        <div class=\"column50 slide-left mobile-hide\">\n            <img decoding=\"async\" class=\"image-right\" src=\"https:\/\/generationdistractionfree.org\/wp-content\/uploads\/2024\/08\/gdl-head.webp\">\n        <\/div>\n    <\/section>\n<\/div>\n<!-- <div class=\"spacer100\"><\/div> -->\n\n\n<div style=\"height:100px\" aria-hidden=\"true\" class=\"wp-block-spacer mobile-hide\"><\/div>\n\n\n<section class=\"content-wide p-bg\">\n    <div class=\"p-rounded-top\"><\/div>\n    <div class=\"content-area\">\n        <div class=\"spacer100\"><\/div>\n            <h2 class=\"white center-text no-bottom-margin\">Por qu\u00e9 son importantes los programas GDL<\/h2>\n        <div class=\"spacer100\"><\/div>\n        <div class=\"flex-wide\">\n            <div class=\"column33 slot-machine\">\n                <h2 class=\"yellow center-text\">4 veces m\u00e1s<\/h2>\n                <div class=\"white large-body\">\n                    <p style=\"text-align: center; padding: 0 24px;\"><strong>Los conductores adolescentes tienen cuatro veces m\u00e1s probabilidades de chocar que los conductores de 20 a\u00f1os o mayores.<sup><a class=\"source-link\" href=\"https:\/\/generationdistractionfree.org\/es\/sources\/\">5<\/a><\/sup><\/strong><\/p>\n                <\/div>\n            <\/div>\n            <div class=\"column33 slot-machine\">\n                <h2 class=\"yellow center-text\">La mitad<\/h2>\n                <div class=\"white large-body\">\n                    <p style=\"text-align: center; padding: 0 24px;\"><strong>e los conductores adolescentes que mueren en choques no llevan puesto el cintur\u00f3n de seguridad abrochado.<sup><a class=\"source-link\" href=\"https:\/\/generationdistractionfree.org\/es\/sources\/\">6<\/a><\/sup><\/strong><\/p>\n                <\/div>\n            <\/div>\n            <div class=\"column33 slot-machine\">\n                <h2 class=\"yellow center-text\">235<\/h2>\n                <div class=\"white large-body\">\n                    <p style=\"text-align: center; padding: 0 24px;\"><strong>En 2022, conductores adolescentes distra\u00eddos (entre 15 y 19 a\u00f1os) mataron a 235 personas en choques.<sup><a class=\"source-link\" href=\"https:\/\/generationdistractionfree.org\/es\/sources\/\">7<\/a><\/sup><\/strong><\/p>\n                <\/div>\n            <\/div>\n        <\/div>\n        <div class=\"spacer\"><\/div>\n        <div class=\"pb3c-cta\">\n            <p style=\"text-align: center;\"><a class=\"btn-trans margin-right\" href=\"https:\/\/generationdistractionfree.org\/es\/teen-driving\/graduated-drivers-license-programs\/\">\u00bfQU\u00c9 SON LOS PROGRAMAS GDL?<\/a><a class=\"btn-white\" href=\"https:\/\/generationdistractionfree.org\/es\/teen-driving\/family-rules\/\">LAS REGLAS DE LOS PADRES<\/a><\/p>\n        <\/div>\n        <div class=\"spacer\"><\/div>\n    <\/div>\n<\/section>\n<div class=\"p-rounded-bottom\"><\/div>\n<img decoding=\"async\" style=\"width: 100%; position: absolute;\" src=\"https:\/\/generationdistractionfree.org\/wp-content\/themes\/ghsa\/assets\/images\/bottom-curve.webp\">\n<div class=\"spacer100\"><\/div>\n\n\n<div class=\"wp-block-columns content-area is-layout-flex wp-container-core-columns-is-layout-9d6595d7 wp-block-columns-is-layout-flex\">\n<div class=\"wp-block-column left scroll-element pad-right is-layout-flow wp-block-column-is-layout-flow\" style=\"flex-basis:60%\">\n<h2 class=\"wp-block-heading\">GDL, un programa pr\u00e1ctico<\/h2>\n\n\n\n<p class=\"large\">Los programas GDL ayudan a los adolescentes a obtener la experiencia pr\u00e1ctica que necesitan para ser conductores seguros, menos riesgosos. Piensa en ello como los primeros pasos de conductores inexpertos.<\/p>\n<\/div>\n\n\n\n<div class=\"wp-block-column right scroll-element mobile-hide is-layout-flow wp-block-column-is-layout-flow\" style=\"flex-basis:40%\">\n<figure class=\"wp-block-image size-full\"><img loading=\"lazy\" decoding=\"async\" width=\"898\" height=\"464\" src=\"https:\/\/generationdistractionfree.org\/wp-content\/uploads\/2024\/08\/gdl-img1.webp\" alt=\"\" class=\"wp-image-231\" srcset=\"https:\/\/generationdistractionfree.org\/wp-content\/uploads\/2024\/08\/gdl-img1.webp 898w, https:\/\/generationdistractionfree.org\/wp-content\/uploads\/2024\/08\/gdl-img1-300x155.webp 300w, https:\/\/generationdistractionfree.org\/wp-content\/uploads\/2024\/08\/gdl-img1-768x397.webp 768w\" sizes=\"auto, (max-width: 898px) 100vw, 898px\" \/><\/figure>\n<\/div>\n<\/div>\n\n\n\n<div style=\"height:48px\" aria-hidden=\"true\" class=\"wp-block-spacer\"><\/div>\n\n\n\n<div class=\"wp-block-columns content-area is-layout-flex wp-container-core-columns-is-layout-9d6595d7 wp-block-columns-is-layout-flex\">\n<div class=\"wp-block-column left scroll-element mobile-hide is-layout-flow wp-block-column-is-layout-flow\" style=\"flex-basis:33%\">\n<figure class=\"wp-block-image size-full\"><img loading=\"lazy\" decoding=\"async\" width=\"764\" height=\"572\" src=\"https:\/\/generationdistractionfree.org\/wp-content\/uploads\/2024\/08\/gdl-img2.webp\" alt=\"\" class=\"wp-image-249\" srcset=\"https:\/\/generationdistractionfree.org\/wp-content\/uploads\/2024\/08\/gdl-img2.webp 764w, https:\/\/generationdistractionfree.org\/wp-content\/uploads\/2024\/08\/gdl-img2-300x225.webp 300w\" sizes=\"auto, (max-width: 764px) 100vw, 764px\" \/><\/figure>\n<\/div>\n\n\n\n<div class=\"wp-block-column right scroll-element pad-right is-layout-flow wp-block-column-is-layout-flow\" style=\"flex-basis:66%\">\n<p class=\"large extra-b-margin\"><strong>GDL es un programa de tres pasos<\/strong><\/p>\n\n\n\n<div class=\"wp-block-columns is-not-stacked-on-mobile gdl-gap is-layout-flex wp-container-core-columns-is-layout-9d6595d7 wp-block-columns-is-layout-flex\">\n<div class=\"wp-block-column is-layout-flow wp-block-column-is-layout-flow\" style=\"flex-basis:40px\">\n<figure class=\"wp-block-image size-full is-resized\"><img loading=\"lazy\" decoding=\"async\" width=\"80\" height=\"82\" src=\"https:\/\/generationdistractionfree.org\/wp-content\/uploads\/2024\/08\/circle1.webp\" alt=\"\" class=\"wp-image-250\" style=\"width:40px\"\/><\/figure>\n<\/div>\n\n\n\n<div class=\"wp-block-column is-layout-flow wp-block-column-is-layout-flow\" style=\"flex-basis:100%\">\n<p class=\"gdl-padtop large\">Permiso de aprendizaje: conducci\u00f3n supervisada con un conductor adulto autorizado.<\/p>\n<\/div>\n<\/div>\n\n\n\n<div style=\"height:12px\" aria-hidden=\"true\" class=\"wp-block-spacer\"><\/div>\n\n\n\n<div class=\"wp-block-columns is-not-stacked-on-mobile gdl-gap is-layout-flex wp-container-core-columns-is-layout-9d6595d7 wp-block-columns-is-layout-flex\">\n<div class=\"wp-block-column is-layout-flow wp-block-column-is-layout-flow\" style=\"flex-basis:40px\">\n<figure class=\"wp-block-image size-full is-resized\"><img loading=\"lazy\" decoding=\"async\" width=\"80\" height=\"82\" src=\"https:\/\/generationdistractionfree.org\/wp-content\/uploads\/2024\/08\/circle2.webp\" alt=\"\" class=\"wp-image-251\" style=\"width:40px\"\/><\/figure>\n<\/div>\n\n\n\n<div class=\"wp-block-column is-layout-flow wp-block-column-is-layout-flow\" style=\"flex-basis:100%\">\n<p class=\"gdl-padtop  large\">Licencia intermedia o provisional: conducci\u00f3n no supervisada bajo ciertas condiciones (sin conducci\u00f3n nocturna y con l\u00edmites de pasajeros).<\/p>\n<\/div>\n<\/div>\n\n\n\n<div style=\"height:12px\" aria-hidden=\"true\" class=\"wp-block-spacer\"><\/div>\n\n\n\n<div class=\"wp-block-columns is-not-stacked-on-mobile gdl-gap is-layout-flex wp-container-core-columns-is-layout-9d6595d7 wp-block-columns-is-layout-flex\">\n<div class=\"wp-block-column is-layout-flow wp-block-column-is-layout-flow\" style=\"flex-basis:40px\">\n<figure class=\"wp-block-image size-full is-resized\"><img loading=\"lazy\" decoding=\"async\" width=\"80\" height=\"82\" src=\"https:\/\/generationdistractionfree.org\/wp-content\/uploads\/2024\/08\/circle3.webp\" alt=\"\" class=\"wp-image-252\" style=\"width:40px\"\/><\/figure>\n<\/div>\n\n\n\n<div class=\"wp-block-column is-layout-flow wp-block-column-is-layout-flow\" style=\"flex-basis:100%\">\n<p class=\"gdl-padtop  large\">Licencia de plena autorizaci\u00f3n: conducci\u00f3n sin ninguna restricci\u00f3n.<\/p>\n<\/div>\n<\/div>\n<\/div>\n<\/div>\n\n\n\n<div style=\"height:48px\" aria-hidden=\"true\" class=\"wp-block-spacer\"><\/div>\n\n\n\n<div class=\"wp-block-columns content-area is-layout-flex wp-container-core-columns-is-layout-9d6595d7 wp-block-columns-is-layout-flex\">\n<div class=\"wp-block-column is-layout-flow wp-block-column-is-layout-flow\">\n<p class=\" large\">Los nuevos conductores tienen menos experiencia y los cerebros de los adolescentes no est\u00e1n completamente desarrollados. Pueden no ver o entender los riesgos que los conductores mayores y con m\u00e1s experiencia comprender\u00edan. Los estudios muestran que los programas GDL reducen los \u00edndices de choques para los conductores de 15 a 17 a\u00f1os en un 53 % o m\u00e1s.<sup><a class=\"source-link\" href=\"https:\/\/generationdistractionfree.org\/es\/sources\/\">8<\/a><\/sup><\/p>\n\n\n\n<p class=\" large\">Los programas GDL reducen el riesgo de choque de veh\u00edculos motores y ayudan a los adolescentes a mejorar sus h\u00e1bitos de conducci\u00f3n con el tiempo. Usando la sabidur\u00eda del reino animal, pueden ser m\u00e1s como tortugas responsables y menos como liebres salvajes.<\/p>\n<\/div>\n<\/div>\n\n\n\n<div style=\"height:40px\" aria-hidden=\"true\" class=\"wp-block-spacer\"><\/div>\n\n\n<section class=\"content-wide\">\n<div class=\"content-area\">\n    <div class=\"big-button\">\n        <a href=\"https:\/\/generationdistractionfree.org\/wp-content\/uploads\/2024\/09\/Parent-Teen_Agreement_SPN.pdf\" class=\"btn-black\" target=\"_blank\">PARA IMPRIMIR<\/a>\n    <\/div>\n<\/div>\n<!-- <div class=\"spacer\"><\/div> -->\n<\/section>\n\n\n\n<figure class=\"wp-block-image size-full content-wide wide-img move-up150 mobile-hide\"><img loading=\"lazy\" decoding=\"async\" width=\"2560\" height=\"615\" src=\"https:\/\/generationdistractionfree.org\/wp-content\/uploads\/2024\/08\/toolateswoosh-scaled.webp\" alt=\"\" class=\"wp-image-301\" style=\"object-fit:cover\" srcset=\"https:\/\/generationdistractionfree.org\/wp-content\/uploads\/2024\/08\/toolateswoosh-scaled.webp 2560w, https:\/\/generationdistractionfree.org\/wp-content\/uploads\/2024\/08\/toolateswoosh-300x72.webp 300w, https:\/\/generationdistractionfree.org\/wp-content\/uploads\/2024\/08\/toolateswoosh-1024x246.webp 1024w, https:\/\/generationdistractionfree.org\/wp-content\/uploads\/2024\/08\/toolateswoosh-768x185.webp 768w, https:\/\/generationdistractionfree.org\/wp-content\/uploads\/2024\/08\/toolateswoosh-1536x369.webp 1536w, https:\/\/generationdistractionfree.org\/wp-content\/uploads\/2024\/08\/toolateswoosh-2048x492.webp 2048w\" sizes=\"auto, (max-width: 2560px) 100vw, 2560px\" \/><\/figure>\n\n\n\n<div class=\"wp-block-columns content-wide p-bg gdl-p-bg move-up150 is-layout-flex wp-container-core-columns-is-layout-9d6595d7 wp-block-columns-is-layout-flex\">\n<div class=\"wp-block-column content-area is-layout-flow wp-block-column-is-layout-flow\">\n<div class=\"wp-block-columns is-layout-flex wp-container-core-columns-is-layout-9d6595d7 wp-block-columns-is-layout-flex\">\n<div class=\"wp-block-column is-layout-flow wp-block-column-is-layout-flow\">\n<h2 class=\"wp-block-heading white no-bottom-margin\">Es mejor empezar cuanto antes<\/h2>\n\n\n\n<div style=\"height:22px\" aria-hidden=\"true\" class=\"wp-block-spacer\"><\/div>\n\n\n\n<p class=\"white large\">Puedes y debes hablar con tus hijos sobre los programas GDL a cualquier edad. El d\u00eda que tengan que sentarse al volante llegar\u00e1 antes de lo que piensas. Ya sabes lo que dicen, los d\u00edas son largos, pero los a\u00f1os son cortos.<\/p>\n\n\n\n<p class=\"white large\">Prepara el terreno desde ahora explic\u00e1ndoles que obtener una licencia de conducir requiere tiempo, esfuerzo y habilidad. Conducir es muy parecido a aprender a jugar un deporte o tocar un instrumento: se necesita mucha pr\u00e1ctica y tiempo para mejorar.<\/p>\n\n\n\n<p class=\"white large\">Puedes guiarlos por un camino seguro y de bienestar.<\/p>\n<\/div>\n\n\n\n<div class=\"wp-block-column is-vertically-aligned-bottom mobile-hide is-layout-flow wp-block-column-is-layout-flow\"><div class=\"wp-block-image\">\n<figure class=\"aligncenter size-full is-resized\"><img loading=\"lazy\" decoding=\"async\" width=\"708\" height=\"600\" src=\"https:\/\/generationdistractionfree.org\/wp-content\/uploads\/2024\/08\/gdl-img3.webp\" alt=\"\" class=\"wp-image-272\" style=\"width:354px\" srcset=\"https:\/\/generationdistractionfree.org\/wp-content\/uploads\/2024\/08\/gdl-img3.webp 708w, https:\/\/generationdistractionfree.org\/wp-content\/uploads\/2024\/08\/gdl-img3-300x254.webp 300w\" sizes=\"auto, (max-width: 708px) 100vw, 708px\" \/><\/figure>\n<\/div>\n\n\n<div style=\"height:32px\" aria-hidden=\"true\" class=\"wp-block-spacer\"><\/div>\n<\/div>\n<\/div>\n\n\n\n<div style=\"height:32px\" aria-hidden=\"true\" class=\"wp-block-spacer\"><\/div>\n\n\n<section class=\"content-wide\">\n<div class=\"content-area\">\n    <div class=\"big-button\">\n        <a href=\"\/es\/parent-tips\" class=\"btn-white\" >CONSEJOS PARA PADRES<\/a>\n    <\/div>\n<\/div>\n<!-- <div class=\"spacer\"><\/div> -->\n<\/section>\n\n\n\n<div style=\"height:100px\" aria-hidden=\"true\" class=\"wp-block-spacer\"><\/div>\n<\/div>\n<\/div>\n","protected":false},"excerpt":{"rendered":"<p>GDL, un programa pr\u00e1ctico Los programas GDL ayudan a los [&hellip;]<\/p>\n","protected":false},"author":1,"featured_media":0,"parent":0,"menu_order":0,"comment_status":"closed","ping_status":"closed","template":"","meta":{"_acf_changed":false,"footnotes":""},"class_list":["post-853","page","type-page","status-publish","hentry"],"acf":[],"yoast_head":"<!-- This site is optimized with the Yoast SEO plugin v23.6 - https:\/\/yoast.com\/wordpress\/plugins\/seo\/ -->\n<title>Conductores adolescentes - Governors Highway Safety Association<\/title>\n<meta name=\"robots\" content=\"index, follow, max-snippet:-1, max-image-preview:large, max-video-preview:-1\" \/>\n<link rel=\"canonical\" href=\"https:\/\/generationdistractionfree.org\/es\/teen-driving\/\" \/>\n<meta property=\"og:locale\" content=\"es_ES\" \/>\n<meta property=\"og:type\" content=\"article\" \/>\n<meta property=\"og:title\" content=\"Conductores adolescentes - Governors Highway Safety Association\" \/>\n<meta property=\"og:description\" content=\"GDL, un programa pr\u00e1ctico Los programas GDL ayudan a los [&hellip;]\" \/>\n<meta property=\"og:url\" content=\"https:\/\/generationdistractionfree.org\/es\/teen-driving\/\" \/>\n<meta property=\"og:site_name\" content=\"Governors Highway Safety Association\" \/>\n<meta property=\"article:modified_time\" content=\"2024-09-06T16:50:00+00:00\" \/>\n<meta property=\"og:image\" content=\"https:\/\/generationdistractionfree.org\/wp-content\/uploads\/2024\/08\/gdl-img1.webp\" \/>\n<meta name=\"twitter:card\" content=\"summary_large_image\" \/>\n<meta name=\"twitter:label1\" content=\"Tiempo de lectura\" \/>\n\t<meta name=\"twitter:data1\" content=\"3 minutos\" \/>\n<script type=\"application\/ld+json\" class=\"yoast-schema-graph\">{\"@context\":\"https:\/\/schema.org\",\"@graph\":[{\"@type\":\"WebPage\",\"@id\":\"https:\/\/generationdistractionfree.org\/es\/teen-driving\/\",\"url\":\"https:\/\/generationdistractionfree.org\/es\/teen-driving\/\",\"name\":\"Conductores adolescentes - Governors Highway Safety Association\",\"isPartOf\":{\"@id\":\"https:\/\/generationdistractionfree.org\/es\/#website\"},\"primaryImageOfPage\":{\"@id\":\"https:\/\/generationdistractionfree.org\/es\/teen-driving\/#primaryimage\"},\"image\":{\"@id\":\"https:\/\/generationdistractionfree.org\/es\/teen-driving\/#primaryimage\"},\"thumbnailUrl\":\"https:\/\/generationdistractionfree.org\/wp-content\/uploads\/2024\/08\/gdl-img1.webp\",\"datePublished\":\"2024-08-02T20:57:24+00:00\",\"dateModified\":\"2024-09-06T16:50:00+00:00\",\"breadcrumb\":{\"@id\":\"https:\/\/generationdistractionfree.org\/es\/teen-driving\/#breadcrumb\"},\"inLanguage\":\"es\",\"potentialAction\":[{\"@type\":\"ReadAction\",\"target\":[\"https:\/\/generationdistractionfree.org\/es\/teen-driving\/\"]}]},{\"@type\":\"ImageObject\",\"inLanguage\":\"es\",\"@id\":\"https:\/\/generationdistractionfree.org\/es\/teen-driving\/#primaryimage\",\"url\":\"https:\/\/generationdistractionfree.org\/wp-content\/uploads\/2024\/08\/gdl-img1.webp\",\"contentUrl\":\"https:\/\/generationdistractionfree.org\/wp-content\/uploads\/2024\/08\/gdl-img1.webp\"},{\"@type\":\"BreadcrumbList\",\"@id\":\"https:\/\/generationdistractionfree.org\/es\/teen-driving\/#breadcrumb\",\"itemListElement\":[{\"@type\":\"ListItem\",\"position\":1,\"name\":\"Home\",\"item\":\"https:\/\/generationdistractionfree.org\/es\/\"},{\"@type\":\"ListItem\",\"position\":2,\"name\":\"Conductores adolescentes\"}]},{\"@type\":\"WebSite\",\"@id\":\"https:\/\/generationdistractionfree.org\/es\/#website\",\"url\":\"https:\/\/generationdistractionfree.org\/es\/\",\"name\":\"Governors Highway Safety Association\",\"description\":\"\",\"publisher\":{\"@id\":\"https:\/\/generationdistractionfree.org\/es\/#organization\"},\"potentialAction\":[{\"@type\":\"SearchAction\",\"target\":{\"@type\":\"EntryPoint\",\"urlTemplate\":\"https:\/\/generationdistractionfree.org\/es\/?s={search_term_string}\"},\"query-input\":{\"@type\":\"PropertyValueSpecification\",\"valueRequired\":true,\"valueName\":\"search_term_string\"}}],\"inLanguage\":\"es\"},{\"@type\":\"Organization\",\"@id\":\"https:\/\/generationdistractionfree.org\/es\/#organization\",\"name\":\"Governors Highway Safety Association\",\"url\":\"https:\/\/generationdistractionfree.org\/es\/\",\"logo\":{\"@type\":\"ImageObject\",\"inLanguage\":\"es\",\"@id\":\"https:\/\/generationdistractionfree.org\/es\/#\/schema\/logo\/image\/\",\"url\":\"https:\/\/generationdistractionfree.org\/wp-content\/uploads\/2024\/08\/ghsa-foot-logo.webp\",\"contentUrl\":\"https:\/\/generationdistractionfree.org\/wp-content\/uploads\/2024\/08\/ghsa-foot-logo.webp\",\"width\":400,\"height\":123,\"caption\":\"Governors Highway Safety Association\"},\"image\":{\"@id\":\"https:\/\/generationdistractionfree.org\/es\/#\/schema\/logo\/image\/\"}}]}<\/script>\n<!-- \/ Yoast SEO plugin. -->","yoast_head_json":{"title":"Conductores adolescentes - Governors Highway Safety Association","robots":{"index":"index","follow":"follow","max-snippet":"max-snippet:-1","max-image-preview":"max-image-preview:large","max-video-preview":"max-video-preview:-1"},"canonical":"https:\/\/generationdistractionfree.org\/es\/teen-driving\/","og_locale":"es_ES","og_type":"article","og_title":"Conductores adolescentes - Governors Highway Safety Association","og_description":"GDL, un programa pr\u00e1ctico Los programas GDL ayudan a los [&hellip;]","og_url":"https:\/\/generationdistractionfree.org\/es\/teen-driving\/","og_site_name":"Governors Highway Safety Association","article_modified_time":"2024-09-06T16:50:00+00:00","og_image":[{"url":"https:\/\/generationdistractionfree.org\/wp-content\/uploads\/2024\/08\/gdl-img1.webp"}],"twitter_card":"summary_large_image","twitter_misc":{"Tiempo de lectura":"3 minutos"},"schema":{"@context":"https:\/\/schema.org","@graph":[{"@type":"WebPage","@id":"https:\/\/generationdistractionfree.org\/es\/teen-driving\/","url":"https:\/\/generationdistractionfree.org\/es\/teen-driving\/","name":"Conductores adolescentes - Governors Highway Safety Association","isPartOf":{"@id":"https:\/\/generationdistractionfree.org\/es\/#website"},"primaryImageOfPage":{"@id":"https:\/\/generationdistractionfree.org\/es\/teen-driving\/#primaryimage"},"image":{"@id":"https:\/\/generationdistractionfree.org\/es\/teen-driving\/#primaryimage"},"thumbnailUrl":"https:\/\/generationdistractionfree.org\/wp-content\/uploads\/2024\/08\/gdl-img1.webp","datePublished":"2024-08-02T20:57:24+00:00","dateModified":"2024-09-06T16:50:00+00:00","breadcrumb":{"@id":"https:\/\/generationdistractionfree.org\/es\/teen-driving\/#breadcrumb"},"inLanguage":"es","potentialAction":[{"@type":"ReadAction","target":["https:\/\/generationdistractionfree.org\/es\/teen-driving\/"]}]},{"@type":"ImageObject","inLanguage":"es","@id":"https:\/\/generationdistractionfree.org\/es\/teen-driving\/#primaryimage","url":"https:\/\/generationdistractionfree.org\/wp-content\/uploads\/2024\/08\/gdl-img1.webp","contentUrl":"https:\/\/generationdistractionfree.org\/wp-content\/uploads\/2024\/08\/gdl-img1.webp"},{"@type":"BreadcrumbList","@id":"https:\/\/generationdistractionfree.org\/es\/teen-driving\/#breadcrumb","itemListElement":[{"@type":"ListItem","position":1,"name":"Home","item":"https:\/\/generationdistractionfree.org\/es\/"},{"@type":"ListItem","position":2,"name":"Conductores adolescentes"}]},{"@type":"WebSite","@id":"https:\/\/generationdistractionfree.org\/es\/#website","url":"https:\/\/generationdistractionfree.org\/es\/","name":"Governors Highway Safety Association","description":"","publisher":{"@id":"https:\/\/generationdistractionfree.org\/es\/#organization"},"potentialAction":[{"@type":"SearchAction","target":{"@type":"EntryPoint","urlTemplate":"https:\/\/generationdistractionfree.org\/es\/?s={search_term_string}"},"query-input":{"@type":"PropertyValueSpecification","valueRequired":true,"valueName":"search_term_string"}}],"inLanguage":"es"},{"@type":"Organization","@id":"https:\/\/generationdistractionfree.org\/es\/#organization","name":"Governors Highway Safety Association","url":"https:\/\/generationdistractionfree.org\/es\/","logo":{"@type":"ImageObject","inLanguage":"es","@id":"https:\/\/generationdistractionfree.org\/es\/#\/schema\/logo\/image\/","url":"https:\/\/generationdistractionfree.org\/wp-content\/uploads\/2024\/08\/ghsa-foot-logo.webp","contentUrl":"https:\/\/generationdistractionfree.org\/wp-content\/uploads\/2024\/08\/ghsa-foot-logo.webp","width":400,"height":123,"caption":"Governors Highway Safety Association"},"image":{"@id":"https:\/\/generationdistractionfree.org\/es\/#\/schema\/logo\/image\/"}}]}},"_links":{"self":[{"href":"https:\/\/generationdistractionfree.org\/es\/wp-json\/wp\/v2\/pages\/853","targetHints":{"allow":["GET"]}}],"collection":[{"href":"https:\/\/generationdistractionfree.org\/es\/wp-json\/wp\/v2\/pages"}],"about":[{"href":"https:\/\/generationdistractionfree.org\/es\/wp-json\/wp\/v2\/types\/page"}],"author":[{"embeddable":true,"href":"https:\/\/generationdistractionfree.org\/es\/wp-json\/wp\/v2\/users\/1"}],"replies":[{"embeddable":true,"href":"https:\/\/generationdistractionfree.org\/es\/wp-json\/wp\/v2\/comments?post=853"}],"version-history":[{"count":0,"href":"https:\/\/generationdistractionfree.org\/es\/wp-json\/wp\/v2\/pages\/853\/revisions"}],"wp:attachment":[{"href":"https:\/\/generationdistractionfree.org\/es\/wp-json\/wp\/v2\/media?parent=853"}],"curies":[{"name":"wp","href":"https:\/\/api.w.org\/{rel}","templated":true}]}}