{"id":848,"date":"2024-08-06T15:02:22","date_gmt":"2024-08-06T15:02:22","guid":{"rendered":"https:\/\/generationdistractionfree.org\/resources\/newborns-to-teens\/"},"modified":"2024-09-06T16:59:21","modified_gmt":"2024-09-06T16:59:21","slug":"newborns-to-teens","status":"publish","type":"page","link":"https:\/\/generationdistractionfree.org\/es\/resources\/newborns-to-teens\/","title":{"rendered":"Desde beb\u00e9s hasta adolescentes"},"content":{"rendered":"<div class=\"content-wide\">\n    <section class=\"content-area flex\">\n        <div class=\"column50 pad-right large-body fader\">\n            <h1 class=\"uppercase\">CONSEJOS: DESDE BEB\u00c9S HASTA ADOLESCENTES<\/h1>\n            <p>Todos empezamos a aprender desde el d\u00eda en que nacemos y seguimos aprendiendo todos los d\u00edas. Cada d\u00eda es una nueva oportunidad para ense\u00f1arles a tus hijos a estar libres de distracciones dentro y fuera de la carretera. Aqu\u00ed te mostramos c\u00f3mo hacerlo en cada edad.<\/p>\n        <\/div>\n        <div class=\"column50 slide-left mobile-hide\">\n            <img decoding=\"async\" class=\"image-right\" src=\"https:\/\/generationdistractionfree.org\/wp-content\/uploads\/2024\/08\/tp-headimg.webp\">\n        <\/div>\n    <\/section>\n<\/div>\n<!-- <div class=\"spacer100\"><\/div> -->\n\n<div class=\"h-road\">\n    <div class=\"h-road-bg \"><\/div>\n<\/div>\n\n\n\n<div style=\"height:150px\" aria-hidden=\"true\" class=\"wp-block-spacer mobile-spacer\"><\/div>\n\n\n\n<div class=\"wp-block-columns are-vertically-aligned-center content-area is-layout-flex wp-container-core-columns-is-layout-9d6595d7 wp-block-columns-is-layout-flex\">\n<div class=\"wp-block-column is-vertically-aligned-center left scroll-element mobile-hide is-layout-flow wp-block-column-is-layout-flow\" style=\"flex-basis:33%\">\n<figure class=\"wp-block-image size-full\"><img loading=\"lazy\" decoding=\"async\" width=\"778\" height=\"826\" src=\"https:\/\/generationdistractionfree.org\/wp-content\/uploads\/2024\/08\/tp-img1.webp\" alt=\"\" class=\"wp-image-357\" srcset=\"https:\/\/generationdistractionfree.org\/wp-content\/uploads\/2024\/08\/tp-img1.webp 778w, https:\/\/generationdistractionfree.org\/wp-content\/uploads\/2024\/08\/tp-img1-283x300.webp 283w, https:\/\/generationdistractionfree.org\/wp-content\/uploads\/2024\/08\/tp-img1-768x815.webp 768w\" sizes=\"auto, (max-width: 778px) 100vw, 778px\" \/><\/figure>\n<\/div>\n\n\n\n<div class=\"wp-block-column is-vertically-aligned-center right scroll-element pad-right is-layout-flow wp-block-column-is-layout-flow\" style=\"flex-basis:66%\">\n<p class=\"large\"><strong>De 0 a 5 a\u00f1os<\/strong><\/p>\n\n\n\n<p>Desde la primera vez que abrochas a tu hijo en su silla de seguridad, expl\u00edcale lo que est\u00e1s haciendo y por qu\u00e9. Podr\u00edas decirle algo como, \u201cMami te va a abrochar para que est\u00e9s seguro y luego pondr\u00e1 su tel\u00e9fono en el asiento trasero para concentrarse en la carretera y viajar seguros\u201d.<\/p>\n\n\n\n<p>A medida que los beb\u00e9s crecen, comienzan a mostrar su independencia, para bien o para mal. En los temidos dos a\u00f1os y a los tres pueden mostrar un temperamento fuerte, especialmente cuando est\u00e1n en un veh\u00edculo, en una silla infantil, limitados en su movilidad. Si no tienes otro pasajero que pueda ayudarte, detente en un lugar seguro para atender lo que tu hijo necesite.<\/p>\n\n\n\n<p>Si no hay un lugar seguro para detenerse, expl\u00edcale con calma: \u201cEst\u00e1s molesto y pap\u00e1 tambi\u00e9n est\u00e1 molesto. Necesitamos esperar hasta encontrar un lugar seguro para detenernos y poder ayudarte\u201d.<\/p>\n<\/div>\n<\/div>\n\n\n\n<div style=\"height:48px\" aria-hidden=\"true\" class=\"wp-block-spacer\"><\/div>\n\n\n\n<div class=\"wp-block-columns are-vertically-aligned-center content-area is-layout-flex wp-container-core-columns-is-layout-9d6595d7 wp-block-columns-is-layout-flex\">\n<div class=\"wp-block-column is-vertically-aligned-center left scroll-element pad-right is-layout-flow wp-block-column-is-layout-flow\" style=\"flex-basis:66%\">\n<p class=\"large\"><strong>De 6 a 12 a\u00f1os <\/strong><\/p>\n\n\n\n<p>A est\u00e1 edad siguen creciendo, pero su sabidur\u00eda todav\u00eda est\u00e1 en desarrollo. A\u00fan pueden ser una distracci\u00f3n. Aqu\u00ed te mostramos c\u00f3mo hacer que la conducci\u00f3n segura sea un asunto familiar.<\/p>\n\n\n\n<ul class=\"wp-block-list\">\n<li>Expl\u00edcales que conducir requiere mucha concentraci\u00f3n y habilidad, y que necesitas tranquilidad y calma para transportarlos seguros a todos.<\/li>\n\n\n\n<li>Conversa con ellos sobre todas las maneras en que alguien puede conducir distra\u00eddo y por qu\u00e9 es importante que t\u00fa te mantengas concentrado en la carretera.<\/li>\n\n\n\n<li>Establece reglas desde el principio sobre lo que est\u00e1 permitido y lo que no lo est\u00e1 en el veh\u00edculo (no est\u00e1 bien lanzar cosas).<\/li>\n<\/ul>\n<\/div>\n\n\n\n<div class=\"wp-block-column is-vertically-aligned-center right scroll-element mobile-hide is-layout-flow wp-block-column-is-layout-flow\" style=\"flex-basis:33%\">\n<figure class=\"wp-block-image size-full\"><img loading=\"lazy\" decoding=\"async\" width=\"778\" height=\"826\" src=\"https:\/\/generationdistractionfree.org\/wp-content\/uploads\/2024\/08\/tp-img2.webp\" alt=\"\" class=\"wp-image-358\" srcset=\"https:\/\/generationdistractionfree.org\/wp-content\/uploads\/2024\/08\/tp-img2.webp 778w, https:\/\/generationdistractionfree.org\/wp-content\/uploads\/2024\/08\/tp-img2-283x300.webp 283w, https:\/\/generationdistractionfree.org\/wp-content\/uploads\/2024\/08\/tp-img2-768x815.webp 768w\" sizes=\"auto, (max-width: 778px) 100vw, 778px\" \/><\/figure>\n<\/div>\n<\/div>\n\n\n\n<div style=\"height:22px\" aria-hidden=\"true\" class=\"wp-block-spacer mobile-hide\"><\/div>\n\n\n\n<div class=\"wp-block-columns are-vertically-aligned-center content-area is-layout-flex wp-container-core-columns-is-layout-9d6595d7 wp-block-columns-is-layout-flex\">\n<div class=\"wp-block-column is-vertically-aligned-center left scroll-element mobile-hide is-layout-flow wp-block-column-is-layout-flow\" style=\"flex-basis:33%\">\n<figure class=\"wp-block-image size-full\"><img loading=\"lazy\" decoding=\"async\" width=\"776\" height=\"826\" src=\"https:\/\/generationdistractionfree.org\/wp-content\/uploads\/2024\/08\/tp-img3.webp\" alt=\"\" class=\"wp-image-363\" srcset=\"https:\/\/generationdistractionfree.org\/wp-content\/uploads\/2024\/08\/tp-img3.webp 776w, https:\/\/generationdistractionfree.org\/wp-content\/uploads\/2024\/08\/tp-img3-282x300.webp 282w, https:\/\/generationdistractionfree.org\/wp-content\/uploads\/2024\/08\/tp-img3-768x817.webp 768w\" sizes=\"auto, (max-width: 776px) 100vw, 776px\" \/><\/figure>\n<\/div>\n\n\n\n<div class=\"wp-block-column is-vertically-aligned-center right scroll-element pad-right is-layout-flow wp-block-column-is-layout-flow\" style=\"flex-basis:66%\">\n<ul class=\"wp-block-list\">\n<li>Ens\u00e9\u00f1ales sobre las consecuencias naturales de sus actos. Si se les cae por la ventana su juguete con el veh\u00edculo en movimiento, no podr\u00e1n recogerlo.<\/li>\n\n\n\n<li>Detente en un lugar seguro si los ni\u00f1os se ponen muy inquietos. Puedes decirles con calma: \u201cest\u00e1n actuando de manera imprudente y nos podr\u00eda causar un accidente. Cuando se calmen, podemos volver a la carretera\u201d.<\/li>\n\n\n\n<li>Haz que el viaje sea divertido jugando Atenci\u00f3n a la distracci\u00f3n o cantando sus canciones favoritas.<\/li>\n\n\n\n<li>Anima a tus hijos a que te digan si ven que t\u00fa u otra persona est\u00e1 conduciendo distra\u00edda.<\/li>\n<\/ul>\n<\/div>\n<\/div>\n\n\n\n<div style=\"height:48px\" aria-hidden=\"true\" class=\"wp-block-spacer\"><\/div>\n\n\n\n<div class=\"wp-block-columns are-vertically-aligned-center content-area is-layout-flex wp-container-core-columns-is-layout-9d6595d7 wp-block-columns-is-layout-flex\">\n<div class=\"wp-block-column is-vertically-aligned-center left scroll-element pad-right is-layout-flow wp-block-column-is-layout-flow\" style=\"flex-basis:66%\">\n<p class=\"large\"><strong>De 13 a 18 a\u00f1os<\/strong><\/p>\n\n\n\n<p>Estos son los dichosos a\u00f1os de la adolescencia. La buena noticia es que puedes ense\u00f1arles sobre la conducci\u00f3n segura de manera m\u00e1s pr\u00e1ctica.<\/p>\n\n\n\n<ul class=\"wp-block-list\">\n<li>H\u00e1blales sobre la conducci\u00f3n distra\u00edda y s\u00e9 un modelo positivo a seguir. Conduce de la manera en que quieres que ellos conduzcan. Eres su modelo a seguir, tanto dentro como fuera de la carretera.<\/li>\n\n\n\n<li>Ens\u00e9\u00f1ales sobre las leyes de tr\u00e1nsito locales, incluidos los requisitos para conductores adolescente (GDL), las se\u00f1ales de tr\u00e1nsito, las reglas de derecho de paso y los l\u00edmites de velocidad.<\/li>\n\n\n\n<li class=\"mobile-hide\">Ens\u00e9\u00f1ales la importancia de mantener un veh\u00edculo en buen estado (revisar los l\u00edquidos, cambiar una llanta, prender una bater\u00eda) y tener equipo de emergencia a mano. Hazlos parte de la programaci\u00f3n de cambios de aceite y revisiones.<\/li>\n\n\n\n<li>Expl\u00edcales lo que necesitas hacer para conducir. Esto se llama conducci\u00f3n comentada y es importante para ayudar a tu adolescente a aprender a conducir. Habla sobre c\u00f3mo y por qu\u00e9 arrancas, cruzas, das reversa, cambias de carril y estacionas como lo haces, para que ellos empiecen a prestar atenci\u00f3n dentro del veh\u00edculo mucho antes de obtener su permiso de aprendizaje.<\/li>\n<\/ul>\n<\/div>\n\n\n\n<div class=\"wp-block-column is-vertically-aligned-center right scroll-element mobile-hide is-layout-flow wp-block-column-is-layout-flow\" style=\"flex-basis:33%\">\n<figure class=\"wp-block-image size-full\"><img loading=\"lazy\" decoding=\"async\" width=\"778\" height=\"826\" src=\"https:\/\/generationdistractionfree.org\/wp-content\/uploads\/2024\/08\/tp-img4-1.webp\" alt=\"\" class=\"wp-image-365\" srcset=\"https:\/\/generationdistractionfree.org\/wp-content\/uploads\/2024\/08\/tp-img4-1.webp 778w, https:\/\/generationdistractionfree.org\/wp-content\/uploads\/2024\/08\/tp-img4-1-283x300.webp 283w, https:\/\/generationdistractionfree.org\/wp-content\/uploads\/2024\/08\/tp-img4-1-768x815.webp 768w\" sizes=\"auto, (max-width: 778px) 100vw, 778px\" \/><\/figure>\n<\/div>\n<\/div>\n\n\n\n<div style=\"height:22px\" aria-hidden=\"true\" class=\"wp-block-spacer mobile-hide\"><\/div>\n\n\n\n<div class=\"wp-block-columns are-vertically-aligned-center content-area is-layout-flex wp-container-core-columns-is-layout-9d6595d7 wp-block-columns-is-layout-flex\">\n<div class=\"wp-block-column is-vertically-aligned-center left scroll-element mobile-hide is-layout-flow wp-block-column-is-layout-flow\" style=\"flex-basis:33%\">\n<figure class=\"wp-block-image size-full\"><img loading=\"lazy\" decoding=\"async\" width=\"778\" height=\"826\" src=\"https:\/\/generationdistractionfree.org\/wp-content\/uploads\/2024\/08\/tp-img4.webp\" alt=\"\" class=\"wp-image-364\" srcset=\"https:\/\/generationdistractionfree.org\/wp-content\/uploads\/2024\/08\/tp-img4.webp 778w, https:\/\/generationdistractionfree.org\/wp-content\/uploads\/2024\/08\/tp-img4-283x300.webp 283w, https:\/\/generationdistractionfree.org\/wp-content\/uploads\/2024\/08\/tp-img4-768x815.webp 768w\" sizes=\"auto, (max-width: 778px) 100vw, 778px\" \/><\/figure>\n<\/div>\n\n\n\n<div class=\"wp-block-column is-vertically-aligned-center right scroll-element pad-right is-layout-flow wp-block-column-is-layout-flow\" style=\"flex-basis:66%\">\n<ul class=\"wp-block-list\">\n<li class=\"mobile-hide\">Hazles preguntas sorpresa para ver cu\u00e1nto han aprendido. Tambi\u00e9n puedes pedirles que se\u00f1alen peligros mientras manejas para que empiecen a darse cuenta y aprendan a concentrarse en manejar.<\/li>\n\n\n\n<li class=\"mobile-hide\">Detente si necesitas hacer algo no relacionado con manejar o p\u00eddele a tu adolescente que se encargue de ello en tu lugar.<\/li>\n\n\n\n<li>Juntos, escriban un acuerdo que ambos firmen, en el que expliquen su compromiso de conducir sin distracciones y cumplir con el programa GDL y otras reglas.<\/li>\n\n\n\n<li class=\"mobile-hide\">Una vez que empiecen a conducir, superv\u00edsalos de manera calmada y amable. Ay\u00fadalos a darse cuenta cuando se distraen y c\u00f3mo dejar de hacerlo.<\/li>\n\n\n\n<li class=\"mobile-hide\">Pide ayuda a familiares y amigos de confianza si t\u00fa o tu adolescente necesitan un descanso el uno del otro. A veces, tener un supervisor que no es uno de los padres, es la mejor opci\u00f3n.<\/li>\n\n\n\n<li class=\"mobile-hide\">Mantente involucrado cuando tu adolescente tenga su licencia intermedia o completa. Br\u00edndale apoyo y orientaci\u00f3n continua para manejar de manera segura, abroch\u00e1ndose el cintur\u00f3n, evitando las distracciones y manteni\u00e9ndose sobrio.<\/li>\n\n\n\n<li>No env\u00edes mensajes de texto ni llames a tu adolescente cuando sepas que est\u00e1 conduciendo o pienses que podr\u00eda estar conduciendo.<\/li>\n<\/ul>\n<\/div>\n<\/div>\n\n\n<div class=\"h-road\">\n    <div class=\"h-road-bg face-left\"><\/div>\n<\/div>\n\n\n\n<div style=\"height:150px\" aria-hidden=\"true\" class=\"wp-block-spacer mobile-spacer\"><\/div>\n","protected":false},"excerpt":{"rendered":"<p>De 0 a 5 a\u00f1os Desde la primera vez que [&hellip;]<\/p>\n","protected":false},"author":1,"featured_media":0,"parent":844,"menu_order":0,"comment_status":"closed","ping_status":"closed","template":"","meta":{"_acf_changed":false,"footnotes":""},"class_list":["post-848","page","type-page","status-publish","hentry"],"acf":[],"yoast_head":"<!-- This site is optimized with the Yoast SEO plugin v23.6 - https:\/\/yoast.com\/wordpress\/plugins\/seo\/ -->\n<title>Desde beb\u00e9s hasta adolescentes - Governors Highway Safety Association<\/title>\n<meta name=\"robots\" content=\"index, follow, max-snippet:-1, max-image-preview:large, max-video-preview:-1\" \/>\n<link rel=\"canonical\" href=\"https:\/\/generationdistractionfree.org\/es\/resources\/newborns-to-teens\/\" \/>\n<meta property=\"og:locale\" content=\"es_ES\" \/>\n<meta property=\"og:type\" content=\"article\" \/>\n<meta property=\"og:title\" content=\"Desde beb\u00e9s hasta adolescentes - Governors Highway Safety Association\" \/>\n<meta property=\"og:description\" content=\"De 0 a 5 a\u00f1os Desde la primera vez que [&hellip;]\" \/>\n<meta property=\"og:url\" content=\"https:\/\/generationdistractionfree.org\/es\/resources\/newborns-to-teens\/\" \/>\n<meta property=\"og:site_name\" content=\"Governors Highway Safety Association\" \/>\n<meta property=\"article:modified_time\" content=\"2024-09-06T16:59:21+00:00\" \/>\n<meta property=\"og:image\" content=\"https:\/\/generationdistractionfree.org\/wp-content\/uploads\/2024\/08\/tp-img1.webp\" \/>\n<meta name=\"twitter:card\" content=\"summary_large_image\" \/>\n<meta name=\"twitter:label1\" content=\"Tiempo de lectura\" \/>\n\t<meta name=\"twitter:data1\" content=\"5 minutos\" \/>\n<script type=\"application\/ld+json\" class=\"yoast-schema-graph\">{\"@context\":\"https:\/\/schema.org\",\"@graph\":[{\"@type\":\"WebPage\",\"@id\":\"https:\/\/generationdistractionfree.org\/es\/resources\/newborns-to-teens\/\",\"url\":\"https:\/\/generationdistractionfree.org\/es\/resources\/newborns-to-teens\/\",\"name\":\"Desde beb\u00e9s hasta adolescentes - Governors Highway Safety Association\",\"isPartOf\":{\"@id\":\"https:\/\/generationdistractionfree.org\/es\/#website\"},\"primaryImageOfPage\":{\"@id\":\"https:\/\/generationdistractionfree.org\/es\/resources\/newborns-to-teens\/#primaryimage\"},\"image\":{\"@id\":\"https:\/\/generationdistractionfree.org\/es\/resources\/newborns-to-teens\/#primaryimage\"},\"thumbnailUrl\":\"https:\/\/generationdistractionfree.org\/wp-content\/uploads\/2024\/08\/tp-img1.webp\",\"datePublished\":\"2024-08-06T15:02:22+00:00\",\"dateModified\":\"2024-09-06T16:59:21+00:00\",\"breadcrumb\":{\"@id\":\"https:\/\/generationdistractionfree.org\/es\/resources\/newborns-to-teens\/#breadcrumb\"},\"inLanguage\":\"es\",\"potentialAction\":[{\"@type\":\"ReadAction\",\"target\":[\"https:\/\/generationdistractionfree.org\/es\/resources\/newborns-to-teens\/\"]}]},{\"@type\":\"ImageObject\",\"inLanguage\":\"es\",\"@id\":\"https:\/\/generationdistractionfree.org\/es\/resources\/newborns-to-teens\/#primaryimage\",\"url\":\"https:\/\/generationdistractionfree.org\/wp-content\/uploads\/2024\/08\/tp-img1.webp\",\"contentUrl\":\"https:\/\/generationdistractionfree.org\/wp-content\/uploads\/2024\/08\/tp-img1.webp\"},{\"@type\":\"BreadcrumbList\",\"@id\":\"https:\/\/generationdistractionfree.org\/es\/resources\/newborns-to-teens\/#breadcrumb\",\"itemListElement\":[{\"@type\":\"ListItem\",\"position\":1,\"name\":\"Home\",\"item\":\"https:\/\/generationdistractionfree.org\/es\/\"},{\"@type\":\"ListItem\",\"position\":2,\"name\":\"Recursos\",\"item\":\"https:\/\/generationdistractionfree.org\/es\/resources\/\"},{\"@type\":\"ListItem\",\"position\":3,\"name\":\"Desde beb\u00e9s hasta adolescentes\"}]},{\"@type\":\"WebSite\",\"@id\":\"https:\/\/generationdistractionfree.org\/es\/#website\",\"url\":\"https:\/\/generationdistractionfree.org\/es\/\",\"name\":\"Governors Highway Safety Association\",\"description\":\"\",\"publisher\":{\"@id\":\"https:\/\/generationdistractionfree.org\/es\/#organization\"},\"potentialAction\":[{\"@type\":\"SearchAction\",\"target\":{\"@type\":\"EntryPoint\",\"urlTemplate\":\"https:\/\/generationdistractionfree.org\/es\/?s={search_term_string}\"},\"query-input\":{\"@type\":\"PropertyValueSpecification\",\"valueRequired\":true,\"valueName\":\"search_term_string\"}}],\"inLanguage\":\"es\"},{\"@type\":\"Organization\",\"@id\":\"https:\/\/generationdistractionfree.org\/es\/#organization\",\"name\":\"Governors Highway Safety Association\",\"url\":\"https:\/\/generationdistractionfree.org\/es\/\",\"logo\":{\"@type\":\"ImageObject\",\"inLanguage\":\"es\",\"@id\":\"https:\/\/generationdistractionfree.org\/es\/#\/schema\/logo\/image\/\",\"url\":\"https:\/\/generationdistractionfree.org\/wp-content\/uploads\/2024\/08\/ghsa-foot-logo.webp\",\"contentUrl\":\"https:\/\/generationdistractionfree.org\/wp-content\/uploads\/2024\/08\/ghsa-foot-logo.webp\",\"width\":400,\"height\":123,\"caption\":\"Governors Highway Safety Association\"},\"image\":{\"@id\":\"https:\/\/generationdistractionfree.org\/es\/#\/schema\/logo\/image\/\"}}]}<\/script>\n<!-- \/ Yoast SEO plugin. -->","yoast_head_json":{"title":"Desde beb\u00e9s hasta adolescentes - Governors Highway Safety Association","robots":{"index":"index","follow":"follow","max-snippet":"max-snippet:-1","max-image-preview":"max-image-preview:large","max-video-preview":"max-video-preview:-1"},"canonical":"https:\/\/generationdistractionfree.org\/es\/resources\/newborns-to-teens\/","og_locale":"es_ES","og_type":"article","og_title":"Desde beb\u00e9s hasta adolescentes - Governors Highway Safety Association","og_description":"De 0 a 5 a\u00f1os Desde la primera vez que [&hellip;]","og_url":"https:\/\/generationdistractionfree.org\/es\/resources\/newborns-to-teens\/","og_site_name":"Governors Highway Safety Association","article_modified_time":"2024-09-06T16:59:21+00:00","og_image":[{"url":"https:\/\/generationdistractionfree.org\/wp-content\/uploads\/2024\/08\/tp-img1.webp"}],"twitter_card":"summary_large_image","twitter_misc":{"Tiempo de lectura":"5 minutos"},"schema":{"@context":"https:\/\/schema.org","@graph":[{"@type":"WebPage","@id":"https:\/\/generationdistractionfree.org\/es\/resources\/newborns-to-teens\/","url":"https:\/\/generationdistractionfree.org\/es\/resources\/newborns-to-teens\/","name":"Desde beb\u00e9s hasta adolescentes - Governors Highway Safety Association","isPartOf":{"@id":"https:\/\/generationdistractionfree.org\/es\/#website"},"primaryImageOfPage":{"@id":"https:\/\/generationdistractionfree.org\/es\/resources\/newborns-to-teens\/#primaryimage"},"image":{"@id":"https:\/\/generationdistractionfree.org\/es\/resources\/newborns-to-teens\/#primaryimage"},"thumbnailUrl":"https:\/\/generationdistractionfree.org\/wp-content\/uploads\/2024\/08\/tp-img1.webp","datePublished":"2024-08-06T15:02:22+00:00","dateModified":"2024-09-06T16:59:21+00:00","breadcrumb":{"@id":"https:\/\/generationdistractionfree.org\/es\/resources\/newborns-to-teens\/#breadcrumb"},"inLanguage":"es","potentialAction":[{"@type":"ReadAction","target":["https:\/\/generationdistractionfree.org\/es\/resources\/newborns-to-teens\/"]}]},{"@type":"ImageObject","inLanguage":"es","@id":"https:\/\/generationdistractionfree.org\/es\/resources\/newborns-to-teens\/#primaryimage","url":"https:\/\/generationdistractionfree.org\/wp-content\/uploads\/2024\/08\/tp-img1.webp","contentUrl":"https:\/\/generationdistractionfree.org\/wp-content\/uploads\/2024\/08\/tp-img1.webp"},{"@type":"BreadcrumbList","@id":"https:\/\/generationdistractionfree.org\/es\/resources\/newborns-to-teens\/#breadcrumb","itemListElement":[{"@type":"ListItem","position":1,"name":"Home","item":"https:\/\/generationdistractionfree.org\/es\/"},{"@type":"ListItem","position":2,"name":"Recursos","item":"https:\/\/generationdistractionfree.org\/es\/resources\/"},{"@type":"ListItem","position":3,"name":"Desde beb\u00e9s hasta adolescentes"}]},{"@type":"WebSite","@id":"https:\/\/generationdistractionfree.org\/es\/#website","url":"https:\/\/generationdistractionfree.org\/es\/","name":"Governors Highway Safety Association","description":"","publisher":{"@id":"https:\/\/generationdistractionfree.org\/es\/#organization"},"potentialAction":[{"@type":"SearchAction","target":{"@type":"EntryPoint","urlTemplate":"https:\/\/generationdistractionfree.org\/es\/?s={search_term_string}"},"query-input":{"@type":"PropertyValueSpecification","valueRequired":true,"valueName":"search_term_string"}}],"inLanguage":"es"},{"@type":"Organization","@id":"https:\/\/generationdistractionfree.org\/es\/#organization","name":"Governors Highway Safety Association","url":"https:\/\/generationdistractionfree.org\/es\/","logo":{"@type":"ImageObject","inLanguage":"es","@id":"https:\/\/generationdistractionfree.org\/es\/#\/schema\/logo\/image\/","url":"https:\/\/generationdistractionfree.org\/wp-content\/uploads\/2024\/08\/ghsa-foot-logo.webp","contentUrl":"https:\/\/generationdistractionfree.org\/wp-content\/uploads\/2024\/08\/ghsa-foot-logo.webp","width":400,"height":123,"caption":"Governors Highway Safety Association"},"image":{"@id":"https:\/\/generationdistractionfree.org\/es\/#\/schema\/logo\/image\/"}}]}},"_links":{"self":[{"href":"https:\/\/generationdistractionfree.org\/es\/wp-json\/wp\/v2\/pages\/848","targetHints":{"allow":["GET"]}}],"collection":[{"href":"https:\/\/generationdistractionfree.org\/es\/wp-json\/wp\/v2\/pages"}],"about":[{"href":"https:\/\/generationdistractionfree.org\/es\/wp-json\/wp\/v2\/types\/page"}],"author":[{"embeddable":true,"href":"https:\/\/generationdistractionfree.org\/es\/wp-json\/wp\/v2\/users\/1"}],"replies":[{"embeddable":true,"href":"https:\/\/generationdistractionfree.org\/es\/wp-json\/wp\/v2\/comments?post=848"}],"version-history":[{"count":0,"href":"https:\/\/generationdistractionfree.org\/es\/wp-json\/wp\/v2\/pages\/848\/revisions"}],"up":[{"embeddable":true,"href":"https:\/\/generationdistractionfree.org\/es\/wp-json\/wp\/v2\/pages\/844"}],"wp:attachment":[{"href":"https:\/\/generationdistractionfree.org\/es\/wp-json\/wp\/v2\/media?parent=848"}],"curies":[{"name":"wp","href":"https:\/\/api.w.org\/{rel}","templated":true}]}}