{"id":846,"date":"2024-08-06T16:06:39","date_gmt":"2024-08-06T16:06:39","guid":{"rendered":"https:\/\/generationdistractionfree.org\/resources\/downloadable-resources\/"},"modified":"2024-09-03T21:38:48","modified_gmt":"2024-09-03T21:38:48","slug":"downloadable-resources","status":"publish","type":"page","link":"https:\/\/generationdistractionfree.org\/es\/resources\/downloadable-resources\/","title":{"rendered":"Recursos descargables"},"content":{"rendered":"<div class=\"content-wide\">\n    <section class=\"content-area flex\">\n        <div class=\"column50 pad-right large-body fader\">\n            <h1 class=\"uppercase\">UNA BUENA PRESI\u00d3N DE GRUPO<\/h1>\n                    <\/div>\n        <div class=\"column50 slide-left mobile-hide\">\n            <img decoding=\"async\" class=\"image-right\" src=\"https:\/\/generationdistractionfree.org\/wp-content\/uploads\/2024\/08\/pp-headimg.webp\">\n        <\/div>\n    <\/section>\n<\/div>\n<!-- <div class=\"spacer100\"><\/div> -->\n\n<div class=\"h-road\">\n    <div class=\"h-road-bg \"><\/div>\n<\/div>\n\n\n\n<div style=\"height:150px\" aria-hidden=\"true\" class=\"wp-block-spacer mobile-spacer\"><\/div>\n\n\n\n<div class=\"wp-block-columns are-vertically-aligned-center content-area is-layout-flex wp-container-core-columns-is-layout-9d6595d7 wp-block-columns-is-layout-flex\">\n<div class=\"wp-block-column is-vertically-aligned-center left scroll-element scrolled mobile-hide is-layout-flow wp-block-column-is-layout-flow\" style=\"flex-basis:33%\">\n<figure class=\"wp-block-image size-full\"><img loading=\"lazy\" decoding=\"async\" width=\"776\" height=\"826\" src=\"https:\/\/generationdistractionfree.org\/wp-content\/uploads\/2024\/08\/pp-img1.webp\" alt=\"\" class=\"wp-image-371\" srcset=\"https:\/\/generationdistractionfree.org\/wp-content\/uploads\/2024\/08\/pp-img1.webp 776w, https:\/\/generationdistractionfree.org\/wp-content\/uploads\/2024\/08\/pp-img1-282x300.webp 282w, https:\/\/generationdistractionfree.org\/wp-content\/uploads\/2024\/08\/pp-img1-768x817.webp 768w\" sizes=\"auto, (max-width: 776px) 100vw, 776px\" \/><\/figure>\n<\/div>\n\n\n\n<div class=\"wp-block-column is-vertically-aligned-center right scroll-element pad-right scrolled is-layout-flow wp-block-column-is-layout-flow\" style=\"flex-basis:66%\">\n<p>Los caminos m\u00e1s largos se hacen cortos cuando tienes personas a tu lado ayud\u00e1ndote a recorrerlos. <\/p>\n\n\n\n<p>La mala presi\u00f3n de grupo te puede empujar a hacer cosas que no quieres hacer. Pero tambi\u00e9n existe una buena presi\u00f3n de grupo que te inspira a hacer cosas que s\u00ed quieres, pero que no has encontrado la motivaci\u00f3n para hacerlas.<\/p>\n\n\n\n<p>Re\u00fane a tu pareja y a los ni\u00f1os y hablen de las ense\u00f1anzas de conducci\u00f3n segura que aprendiste en este sitio. No hay mejor manera de aprender que ense\u00f1ando y sirviendo de ejemplo con un buen comportamiento. Ay\u00fadense mutuamente a cumplir lo que acordaron, comprometi\u00e9ndose a caminar, andar en bicicleta y conducir sin distracciones y a decirle a las personas cuando est\u00e9n distra\u00eddas.<\/p>\n<\/div>\n<\/div>\n\n\n<div class=\"h-road\">\n    <div class=\"h-road-bg face-left\"><\/div>\n<\/div>\n\n\n\n<div style=\"height:150px\" aria-hidden=\"true\" class=\"wp-block-spacer mobile-spacer\"><\/div>\n\n\n<div class=\"content-wide\">\n    <section class=\"content-area flex two-columns\">\n                        <div class=\"two-col-row right\">\n            <div class=\"column50 right scroll-element mobile-hide\">\n                <img decoding=\"async\" src=\"https:\/\/generationdistractionfree.org\/wp-content\/uploads\/2024\/08\/pp-img3.webp\">\n            <\/div>\n            <div class=\"column50 large-body left scroll-element\">\n                <div class=\"tc-head\">\n                                        <h3 class=\"orange-text\">Regalitos para pegar en el refrigerador<\/h3>\n                <\/div>\n                <p>Descarga e imprime estos recursos gratuitos para toda la familia, que ayudan a elegir a estar libres de distracciones.<\/p>\n<p><a href=\"https:\/\/generationdistractionfree.org\/wp-content\/uploads\/2024\/09\/Distraction_Action_Car_Game_SPN.pdf\" class=\"pp-link\" target=-\"_blank\">Juego de Atenci\u00f3n a la distracci\u00f3n<\/a><\/p>\n<p><a href=\"https:\/\/generationdistractionfree.org\/wp-content\/uploads\/2024\/09\/Distraction-Free_Family_Pledge_SPN.pdf\" class=\"pp-link\" target=-\"_blank\">Promesa familiar<\/a><\/p>\n<p><a href=\"https:\/\/generationdistractionfree.org\/wp-content\/uploads\/2024\/09\/Parent-Teen_Agreement_SPN.pdf\" class=\"pp-link\" target=-\"_blank\">Acuerdo de conducci\u00f3n entre padres y adolescentes<\/a><\/p>\n                            <\/div>\n        <\/div>\n    <\/section>\n<\/div>\n\n\n<div style=\"height:100px\" aria-hidden=\"true\" class=\"wp-block-spacer mobile-hide\"><\/div>\n\n\n<section class=\"content-wide\">\n<div class=\"content-area\">\n    <div class=\"big-button\">\n        <a href=\"https:\/\/generationdistractionfree.org\/wp-content\/uploads\/2024\/09\/recursos_libres_de_distracciones.zip\" class=\"btn-black\" >DESCARGAR LOS 3 AHORA<\/a>\n    <\/div>\n<\/div>\n<!-- <div class=\"spacer\"><\/div> -->\n<\/section>\n\n\n\n<div style=\"height:100px\" aria-hidden=\"true\" class=\"wp-block-spacer mobile-spacer\"><\/div>\n","protected":false},"excerpt":{"rendered":"<p>Los caminos m\u00e1s largos se hacen cortos cuando tienes personas [&hellip;]<\/p>\n","protected":false},"author":1,"featured_media":0,"parent":844,"menu_order":0,"comment_status":"closed","ping_status":"closed","template":"","meta":{"_acf_changed":false,"footnotes":""},"class_list":["post-846","page","type-page","status-publish","hentry"],"acf":[],"yoast_head":"<!-- This site is optimized with the Yoast SEO plugin v23.6 - https:\/\/yoast.com\/wordpress\/plugins\/seo\/ -->\n<title>Recursos descargables - Governors Highway Safety Association<\/title>\n<meta name=\"robots\" content=\"index, follow, max-snippet:-1, max-image-preview:large, max-video-preview:-1\" \/>\n<link rel=\"canonical\" href=\"https:\/\/generationdistractionfree.org\/es\/resources\/downloadable-resources\/\" \/>\n<meta property=\"og:locale\" content=\"es_ES\" \/>\n<meta property=\"og:type\" content=\"article\" \/>\n<meta property=\"og:title\" content=\"Recursos descargables - Governors Highway Safety Association\" \/>\n<meta property=\"og:description\" content=\"Los caminos m\u00e1s largos se hacen cortos cuando tienes personas [&hellip;]\" \/>\n<meta property=\"og:url\" content=\"https:\/\/generationdistractionfree.org\/es\/resources\/downloadable-resources\/\" \/>\n<meta property=\"og:site_name\" content=\"Governors Highway Safety Association\" \/>\n<meta property=\"article:modified_time\" content=\"2024-09-03T21:38:48+00:00\" \/>\n<meta property=\"og:image\" content=\"https:\/\/generationdistractionfree.org\/wp-content\/uploads\/2024\/08\/pp-img1.webp\" \/>\n<meta name=\"twitter:card\" content=\"summary_large_image\" \/>\n<meta name=\"twitter:label1\" content=\"Tiempo de lectura\" \/>\n\t<meta name=\"twitter:data1\" content=\"1 minuto\" \/>\n<script type=\"application\/ld+json\" class=\"yoast-schema-graph\">{\"@context\":\"https:\/\/schema.org\",\"@graph\":[{\"@type\":\"WebPage\",\"@id\":\"https:\/\/generationdistractionfree.org\/es\/resources\/downloadable-resources\/\",\"url\":\"https:\/\/generationdistractionfree.org\/es\/resources\/downloadable-resources\/\",\"name\":\"Recursos descargables - Governors Highway Safety Association\",\"isPartOf\":{\"@id\":\"https:\/\/generationdistractionfree.org\/es\/#website\"},\"primaryImageOfPage\":{\"@id\":\"https:\/\/generationdistractionfree.org\/es\/resources\/downloadable-resources\/#primaryimage\"},\"image\":{\"@id\":\"https:\/\/generationdistractionfree.org\/es\/resources\/downloadable-resources\/#primaryimage\"},\"thumbnailUrl\":\"https:\/\/generationdistractionfree.org\/wp-content\/uploads\/2024\/08\/pp-img1.webp\",\"datePublished\":\"2024-08-06T16:06:39+00:00\",\"dateModified\":\"2024-09-03T21:38:48+00:00\",\"breadcrumb\":{\"@id\":\"https:\/\/generationdistractionfree.org\/es\/resources\/downloadable-resources\/#breadcrumb\"},\"inLanguage\":\"es\",\"potentialAction\":[{\"@type\":\"ReadAction\",\"target\":[\"https:\/\/generationdistractionfree.org\/es\/resources\/downloadable-resources\/\"]}]},{\"@type\":\"ImageObject\",\"inLanguage\":\"es\",\"@id\":\"https:\/\/generationdistractionfree.org\/es\/resources\/downloadable-resources\/#primaryimage\",\"url\":\"https:\/\/generationdistractionfree.org\/wp-content\/uploads\/2024\/08\/pp-img1.webp\",\"contentUrl\":\"https:\/\/generationdistractionfree.org\/wp-content\/uploads\/2024\/08\/pp-img1.webp\"},{\"@type\":\"BreadcrumbList\",\"@id\":\"https:\/\/generationdistractionfree.org\/es\/resources\/downloadable-resources\/#breadcrumb\",\"itemListElement\":[{\"@type\":\"ListItem\",\"position\":1,\"name\":\"Home\",\"item\":\"https:\/\/generationdistractionfree.org\/es\/\"},{\"@type\":\"ListItem\",\"position\":2,\"name\":\"Recursos\",\"item\":\"https:\/\/generationdistractionfree.org\/es\/resources\/\"},{\"@type\":\"ListItem\",\"position\":3,\"name\":\"Recursos descargables\"}]},{\"@type\":\"WebSite\",\"@id\":\"https:\/\/generationdistractionfree.org\/es\/#website\",\"url\":\"https:\/\/generationdistractionfree.org\/es\/\",\"name\":\"Governors Highway Safety Association\",\"description\":\"\",\"publisher\":{\"@id\":\"https:\/\/generationdistractionfree.org\/es\/#organization\"},\"potentialAction\":[{\"@type\":\"SearchAction\",\"target\":{\"@type\":\"EntryPoint\",\"urlTemplate\":\"https:\/\/generationdistractionfree.org\/es\/?s={search_term_string}\"},\"query-input\":{\"@type\":\"PropertyValueSpecification\",\"valueRequired\":true,\"valueName\":\"search_term_string\"}}],\"inLanguage\":\"es\"},{\"@type\":\"Organization\",\"@id\":\"https:\/\/generationdistractionfree.org\/es\/#organization\",\"name\":\"Governors Highway Safety Association\",\"url\":\"https:\/\/generationdistractionfree.org\/es\/\",\"logo\":{\"@type\":\"ImageObject\",\"inLanguage\":\"es\",\"@id\":\"https:\/\/generationdistractionfree.org\/es\/#\/schema\/logo\/image\/\",\"url\":\"https:\/\/generationdistractionfree.org\/wp-content\/uploads\/2024\/08\/ghsa-foot-logo.webp\",\"contentUrl\":\"https:\/\/generationdistractionfree.org\/wp-content\/uploads\/2024\/08\/ghsa-foot-logo.webp\",\"width\":400,\"height\":123,\"caption\":\"Governors Highway Safety Association\"},\"image\":{\"@id\":\"https:\/\/generationdistractionfree.org\/es\/#\/schema\/logo\/image\/\"}}]}<\/script>\n<!-- \/ Yoast SEO plugin. -->","yoast_head_json":{"title":"Recursos descargables - Governors Highway Safety Association","robots":{"index":"index","follow":"follow","max-snippet":"max-snippet:-1","max-image-preview":"max-image-preview:large","max-video-preview":"max-video-preview:-1"},"canonical":"https:\/\/generationdistractionfree.org\/es\/resources\/downloadable-resources\/","og_locale":"es_ES","og_type":"article","og_title":"Recursos descargables - Governors Highway Safety Association","og_description":"Los caminos m\u00e1s largos se hacen cortos cuando tienes personas [&hellip;]","og_url":"https:\/\/generationdistractionfree.org\/es\/resources\/downloadable-resources\/","og_site_name":"Governors Highway Safety Association","article_modified_time":"2024-09-03T21:38:48+00:00","og_image":[{"url":"https:\/\/generationdistractionfree.org\/wp-content\/uploads\/2024\/08\/pp-img1.webp"}],"twitter_card":"summary_large_image","twitter_misc":{"Tiempo de lectura":"1 minuto"},"schema":{"@context":"https:\/\/schema.org","@graph":[{"@type":"WebPage","@id":"https:\/\/generationdistractionfree.org\/es\/resources\/downloadable-resources\/","url":"https:\/\/generationdistractionfree.org\/es\/resources\/downloadable-resources\/","name":"Recursos descargables - Governors Highway Safety Association","isPartOf":{"@id":"https:\/\/generationdistractionfree.org\/es\/#website"},"primaryImageOfPage":{"@id":"https:\/\/generationdistractionfree.org\/es\/resources\/downloadable-resources\/#primaryimage"},"image":{"@id":"https:\/\/generationdistractionfree.org\/es\/resources\/downloadable-resources\/#primaryimage"},"thumbnailUrl":"https:\/\/generationdistractionfree.org\/wp-content\/uploads\/2024\/08\/pp-img1.webp","datePublished":"2024-08-06T16:06:39+00:00","dateModified":"2024-09-03T21:38:48+00:00","breadcrumb":{"@id":"https:\/\/generationdistractionfree.org\/es\/resources\/downloadable-resources\/#breadcrumb"},"inLanguage":"es","potentialAction":[{"@type":"ReadAction","target":["https:\/\/generationdistractionfree.org\/es\/resources\/downloadable-resources\/"]}]},{"@type":"ImageObject","inLanguage":"es","@id":"https:\/\/generationdistractionfree.org\/es\/resources\/downloadable-resources\/#primaryimage","url":"https:\/\/generationdistractionfree.org\/wp-content\/uploads\/2024\/08\/pp-img1.webp","contentUrl":"https:\/\/generationdistractionfree.org\/wp-content\/uploads\/2024\/08\/pp-img1.webp"},{"@type":"BreadcrumbList","@id":"https:\/\/generationdistractionfree.org\/es\/resources\/downloadable-resources\/#breadcrumb","itemListElement":[{"@type":"ListItem","position":1,"name":"Home","item":"https:\/\/generationdistractionfree.org\/es\/"},{"@type":"ListItem","position":2,"name":"Recursos","item":"https:\/\/generationdistractionfree.org\/es\/resources\/"},{"@type":"ListItem","position":3,"name":"Recursos descargables"}]},{"@type":"WebSite","@id":"https:\/\/generationdistractionfree.org\/es\/#website","url":"https:\/\/generationdistractionfree.org\/es\/","name":"Governors Highway Safety Association","description":"","publisher":{"@id":"https:\/\/generationdistractionfree.org\/es\/#organization"},"potentialAction":[{"@type":"SearchAction","target":{"@type":"EntryPoint","urlTemplate":"https:\/\/generationdistractionfree.org\/es\/?s={search_term_string}"},"query-input":{"@type":"PropertyValueSpecification","valueRequired":true,"valueName":"search_term_string"}}],"inLanguage":"es"},{"@type":"Organization","@id":"https:\/\/generationdistractionfree.org\/es\/#organization","name":"Governors Highway Safety Association","url":"https:\/\/generationdistractionfree.org\/es\/","logo":{"@type":"ImageObject","inLanguage":"es","@id":"https:\/\/generationdistractionfree.org\/es\/#\/schema\/logo\/image\/","url":"https:\/\/generationdistractionfree.org\/wp-content\/uploads\/2024\/08\/ghsa-foot-logo.webp","contentUrl":"https:\/\/generationdistractionfree.org\/wp-content\/uploads\/2024\/08\/ghsa-foot-logo.webp","width":400,"height":123,"caption":"Governors Highway Safety Association"},"image":{"@id":"https:\/\/generationdistractionfree.org\/es\/#\/schema\/logo\/image\/"}}]}},"_links":{"self":[{"href":"https:\/\/generationdistractionfree.org\/es\/wp-json\/wp\/v2\/pages\/846","targetHints":{"allow":["GET"]}}],"collection":[{"href":"https:\/\/generationdistractionfree.org\/es\/wp-json\/wp\/v2\/pages"}],"about":[{"href":"https:\/\/generationdistractionfree.org\/es\/wp-json\/wp\/v2\/types\/page"}],"author":[{"embeddable":true,"href":"https:\/\/generationdistractionfree.org\/es\/wp-json\/wp\/v2\/users\/1"}],"replies":[{"embeddable":true,"href":"https:\/\/generationdistractionfree.org\/es\/wp-json\/wp\/v2\/comments?post=846"}],"version-history":[{"count":0,"href":"https:\/\/generationdistractionfree.org\/es\/wp-json\/wp\/v2\/pages\/846\/revisions"}],"up":[{"embeddable":true,"href":"https:\/\/generationdistractionfree.org\/es\/wp-json\/wp\/v2\/pages\/844"}],"wp:attachment":[{"href":"https:\/\/generationdistractionfree.org\/es\/wp-json\/wp\/v2\/media?parent=846"}],"curies":[{"name":"wp","href":"https:\/\/api.w.org\/{rel}","templated":true}]}}