{"id":844,"date":"2024-08-06T14:25:48","date_gmt":"2024-08-06T14:25:48","guid":{"rendered":"https:\/\/generationdistractionfree.org\/resources\/"},"modified":"2024-09-06T16:54:17","modified_gmt":"2024-09-06T16:54:17","slug":"resources","status":"publish","type":"page","link":"https:\/\/generationdistractionfree.org\/es\/resources\/","title":{"rendered":"Recursos"},"content":{"rendered":"<div class=\"content-wide\">\n    <section class=\"content-area flex\">\n        <div class=\"column50 pad-right large-body fader\">\n            <h1 class=\"uppercase\">LA SEGURIDAD Y EL AMOR A TU FAMILIA VAN DE LA MANO<\/h1>\n            <p>S\u00e9 la persona m\u00e1s influyente en tu familia en el tema de la seguridad. Ya sea que camines, andes en bicicleta o conduzcas, comp\u00f3rtate como todo un campe\u00f3n de la seguridad d\u00eda y noche, haciendo lo correcto.<\/p>\n<p>Impulsa tu conocimiento y el de tu familia con estos recursos y consejos.<\/p>\n        <\/div>\n        <div class=\"column50 slide-left mobile-hide\">\n            <img decoding=\"async\" class=\"image-right\" src=\"https:\/\/generationdistractionfree.org\/wp-content\/uploads\/2024\/08\/ss-headimg.webp\">\n        <\/div>\n    <\/section>\n<\/div>\n<!-- <div class=\"spacer100\"><\/div> -->\n\n<div class=\"h-road\">\n    <div class=\"h-road-bg face-left\"><\/div>\n<\/div>\n\n\n\n<div style=\"height:150px\" aria-hidden=\"true\" class=\"wp-block-spacer mobile-spacer\"><\/div>\n\n\n<div class=\"content-wide\">\n    <section class=\"content-area flex two-columns\">\n                        <div class=\"two-col-row right\">\n            <div class=\"column50 right scroll-element mobile-hide\">\n                <img decoding=\"async\" src=\"https:\/\/generationdistractionfree.org\/wp-content\/uploads\/2024\/08\/ss-img1.webp\">\n            <\/div>\n            <div class=\"column50 large-body left scroll-element\">\n                <div class=\"tc-head\">\n                                        <h3 class=\"orange-text\">Familiar\u00edzate con el veh\u00edculo<\/h3>\n                <\/div>\n                <p>Los veh\u00edculos son como copos de nieve, donde no hay dos iguales, incluso si son de la misma marca, modelo y a\u00f1o, porque cada uno tiene una historia particular. C\u00f3mo maneja, c\u00f3mo se sienten los asientos y d\u00f3nde est\u00e1n los botones ser\u00e1n diferentes seg\u00fan qui\u00e9n lo fabric\u00f3 y qui\u00e9n lo condujo antes que ti.<\/p>\n                            <\/div>\n        <\/div>\n    <\/section>\n<\/div>\n\n\n<div style=\"height:48px\" aria-hidden=\"true\" class=\"wp-block-spacer mobile-hide\"><\/div>\n\n\n\n<div class=\"wp-block-columns are-vertically-aligned-center content-area is-layout-flex wp-container-core-columns-is-layout-9d6595d7 wp-block-columns-is-layout-flex\">\n<div class=\"wp-block-column is-vertically-aligned-center left scroll-element mobile-hide is-layout-flow wp-block-column-is-layout-flow\" style=\"flex-basis:33%\"><div class=\"wp-block-image\">\n<figure class=\"aligncenter size-full\"><img loading=\"lazy\" decoding=\"async\" width=\"776\" height=\"826\" src=\"https:\/\/generationdistractionfree.org\/wp-content\/uploads\/2024\/08\/ss-img2.webp\" alt=\"\" class=\"wp-image-347\" srcset=\"https:\/\/generationdistractionfree.org\/wp-content\/uploads\/2024\/08\/ss-img2.webp 776w, https:\/\/generationdistractionfree.org\/wp-content\/uploads\/2024\/08\/ss-img2-282x300.webp 282w, https:\/\/generationdistractionfree.org\/wp-content\/uploads\/2024\/08\/ss-img2-768x817.webp 768w\" sizes=\"auto, (max-width: 776px) 100vw, 776px\" \/><\/figure>\n<\/div><\/div>\n\n\n\n<div class=\"wp-block-column is-vertically-aligned-center right scroll-element pad-right is-layout-flow wp-block-column-is-layout-flow\" style=\"flex-basis:66%\">\n<p class=\"large\"><strong>Pasa tiempo con cada nuevo veh\u00edculo que conduzcas para familiarizarte con \u00e9l antes de salir. <\/strong><\/p>\n\n\n\n<ul class=\"wp-block-list large\">\n<li>Deber\u00edas de leer un poco el manual del veh\u00edculo, especialmente si es un veh\u00edculo nuevo con muchos botones y funciones.<\/li>\n\n\n\n<li>Ajusta el asiento para que tu pie derecho pueda alcanzar el acelerador y el freno c\u00f3modamente y que dejes por lo menos entre 10 y 12 pulgadas de espacio entre tu torso y el volante.<\/li>\n\n\n\n<li>Familiar\u00edzate con el tablero de instrumentos:\n<ul class=\"wp-block-list\">\n<li>Veloc\u00edmetro<\/li>\n\n\n\n<li>S\u00edmbolos para se\u00f1ales de advertencia<\/li>\n\n\n\n<li>Medidor de gasolina o bater\u00eda y de qu\u00e9 lado se debe poner gasolina o cargar la bater\u00eda<\/li>\n<\/ul>\n<\/li>\n\n\n\n<li>Verifica d\u00f3nde est\u00e1 la se\u00f1al de cruzar, las escobillas del limpiaparabrisas, las luces y el bot\u00f3n de emergencia y aseg\u00farate de saber c\u00f3mo usarlos correctamente.<\/li>\n\n\n\n<li>Ubica los controles de temperatura, volumen y otros, y aprende c\u00f3mo usarlos.<\/li>\n<\/ul>\n<\/div>\n<\/div>\n\n\n<div class=\"h-road\">\n    <div class=\"h-road-bg face-right\"><\/div>\n<\/div>\n\n\n\n<div style=\"height:150px\" aria-hidden=\"true\" class=\"wp-block-spacer mobile-spacer\"><\/div>\n","protected":false},"excerpt":{"rendered":"<p>Pasa tiempo con cada nuevo veh\u00edculo que conduzcas para familiarizarte [&hellip;]<\/p>\n","protected":false},"author":1,"featured_media":0,"parent":0,"menu_order":0,"comment_status":"closed","ping_status":"closed","template":"","meta":{"_acf_changed":false,"footnotes":""},"class_list":["post-844","page","type-page","status-publish","hentry"],"acf":[],"yoast_head":"<!-- This site is optimized with the Yoast SEO plugin v23.6 - https:\/\/yoast.com\/wordpress\/plugins\/seo\/ -->\n<title>Recursos - Governors Highway Safety Association<\/title>\n<meta name=\"robots\" content=\"index, follow, max-snippet:-1, max-image-preview:large, max-video-preview:-1\" \/>\n<link rel=\"canonical\" href=\"https:\/\/generationdistractionfree.org\/es\/resources\/\" \/>\n<meta property=\"og:locale\" content=\"es_ES\" \/>\n<meta property=\"og:type\" content=\"article\" \/>\n<meta property=\"og:title\" content=\"Recursos - Governors Highway Safety Association\" \/>\n<meta property=\"og:description\" content=\"Pasa tiempo con cada nuevo veh\u00edculo que conduzcas para familiarizarte [&hellip;]\" \/>\n<meta property=\"og:url\" content=\"https:\/\/generationdistractionfree.org\/es\/resources\/\" \/>\n<meta property=\"og:site_name\" content=\"Governors Highway Safety Association\" \/>\n<meta property=\"article:modified_time\" content=\"2024-09-06T16:54:17+00:00\" \/>\n<meta property=\"og:image\" content=\"https:\/\/generationdistractionfree.org\/wp-content\/uploads\/2024\/08\/ss-img2.webp\" \/>\n<meta name=\"twitter:card\" content=\"summary_large_image\" \/>\n<meta name=\"twitter:label1\" content=\"Tiempo de lectura\" \/>\n\t<meta name=\"twitter:data1\" content=\"1 minuto\" \/>\n<script type=\"application\/ld+json\" class=\"yoast-schema-graph\">{\"@context\":\"https:\/\/schema.org\",\"@graph\":[{\"@type\":\"WebPage\",\"@id\":\"https:\/\/generationdistractionfree.org\/es\/resources\/\",\"url\":\"https:\/\/generationdistractionfree.org\/es\/resources\/\",\"name\":\"Recursos - Governors Highway Safety Association\",\"isPartOf\":{\"@id\":\"https:\/\/generationdistractionfree.org\/es\/#website\"},\"primaryImageOfPage\":{\"@id\":\"https:\/\/generationdistractionfree.org\/es\/resources\/#primaryimage\"},\"image\":{\"@id\":\"https:\/\/generationdistractionfree.org\/es\/resources\/#primaryimage\"},\"thumbnailUrl\":\"https:\/\/generationdistractionfree.org\/wp-content\/uploads\/2024\/08\/ss-img2.webp\",\"datePublished\":\"2024-08-06T14:25:48+00:00\",\"dateModified\":\"2024-09-06T16:54:17+00:00\",\"breadcrumb\":{\"@id\":\"https:\/\/generationdistractionfree.org\/es\/resources\/#breadcrumb\"},\"inLanguage\":\"es\",\"potentialAction\":[{\"@type\":\"ReadAction\",\"target\":[\"https:\/\/generationdistractionfree.org\/es\/resources\/\"]}]},{\"@type\":\"ImageObject\",\"inLanguage\":\"es\",\"@id\":\"https:\/\/generationdistractionfree.org\/es\/resources\/#primaryimage\",\"url\":\"https:\/\/generationdistractionfree.org\/wp-content\/uploads\/2024\/08\/ss-img2.webp\",\"contentUrl\":\"https:\/\/generationdistractionfree.org\/wp-content\/uploads\/2024\/08\/ss-img2.webp\"},{\"@type\":\"BreadcrumbList\",\"@id\":\"https:\/\/generationdistractionfree.org\/es\/resources\/#breadcrumb\",\"itemListElement\":[{\"@type\":\"ListItem\",\"position\":1,\"name\":\"Home\",\"item\":\"https:\/\/generationdistractionfree.org\/es\/\"},{\"@type\":\"ListItem\",\"position\":2,\"name\":\"Recursos\"}]},{\"@type\":\"WebSite\",\"@id\":\"https:\/\/generationdistractionfree.org\/es\/#website\",\"url\":\"https:\/\/generationdistractionfree.org\/es\/\",\"name\":\"Governors Highway Safety Association\",\"description\":\"\",\"publisher\":{\"@id\":\"https:\/\/generationdistractionfree.org\/es\/#organization\"},\"potentialAction\":[{\"@type\":\"SearchAction\",\"target\":{\"@type\":\"EntryPoint\",\"urlTemplate\":\"https:\/\/generationdistractionfree.org\/es\/?s={search_term_string}\"},\"query-input\":{\"@type\":\"PropertyValueSpecification\",\"valueRequired\":true,\"valueName\":\"search_term_string\"}}],\"inLanguage\":\"es\"},{\"@type\":\"Organization\",\"@id\":\"https:\/\/generationdistractionfree.org\/es\/#organization\",\"name\":\"Governors Highway Safety Association\",\"url\":\"https:\/\/generationdistractionfree.org\/es\/\",\"logo\":{\"@type\":\"ImageObject\",\"inLanguage\":\"es\",\"@id\":\"https:\/\/generationdistractionfree.org\/es\/#\/schema\/logo\/image\/\",\"url\":\"https:\/\/generationdistractionfree.org\/wp-content\/uploads\/2024\/08\/ghsa-foot-logo.webp\",\"contentUrl\":\"https:\/\/generationdistractionfree.org\/wp-content\/uploads\/2024\/08\/ghsa-foot-logo.webp\",\"width\":400,\"height\":123,\"caption\":\"Governors Highway Safety Association\"},\"image\":{\"@id\":\"https:\/\/generationdistractionfree.org\/es\/#\/schema\/logo\/image\/\"}}]}<\/script>\n<!-- \/ Yoast SEO plugin. -->","yoast_head_json":{"title":"Recursos - Governors Highway Safety Association","robots":{"index":"index","follow":"follow","max-snippet":"max-snippet:-1","max-image-preview":"max-image-preview:large","max-video-preview":"max-video-preview:-1"},"canonical":"https:\/\/generationdistractionfree.org\/es\/resources\/","og_locale":"es_ES","og_type":"article","og_title":"Recursos - Governors Highway Safety Association","og_description":"Pasa tiempo con cada nuevo veh\u00edculo que conduzcas para familiarizarte [&hellip;]","og_url":"https:\/\/generationdistractionfree.org\/es\/resources\/","og_site_name":"Governors Highway Safety Association","article_modified_time":"2024-09-06T16:54:17+00:00","og_image":[{"url":"https:\/\/generationdistractionfree.org\/wp-content\/uploads\/2024\/08\/ss-img2.webp"}],"twitter_card":"summary_large_image","twitter_misc":{"Tiempo de lectura":"1 minuto"},"schema":{"@context":"https:\/\/schema.org","@graph":[{"@type":"WebPage","@id":"https:\/\/generationdistractionfree.org\/es\/resources\/","url":"https:\/\/generationdistractionfree.org\/es\/resources\/","name":"Recursos - Governors Highway Safety Association","isPartOf":{"@id":"https:\/\/generationdistractionfree.org\/es\/#website"},"primaryImageOfPage":{"@id":"https:\/\/generationdistractionfree.org\/es\/resources\/#primaryimage"},"image":{"@id":"https:\/\/generationdistractionfree.org\/es\/resources\/#primaryimage"},"thumbnailUrl":"https:\/\/generationdistractionfree.org\/wp-content\/uploads\/2024\/08\/ss-img2.webp","datePublished":"2024-08-06T14:25:48+00:00","dateModified":"2024-09-06T16:54:17+00:00","breadcrumb":{"@id":"https:\/\/generationdistractionfree.org\/es\/resources\/#breadcrumb"},"inLanguage":"es","potentialAction":[{"@type":"ReadAction","target":["https:\/\/generationdistractionfree.org\/es\/resources\/"]}]},{"@type":"ImageObject","inLanguage":"es","@id":"https:\/\/generationdistractionfree.org\/es\/resources\/#primaryimage","url":"https:\/\/generationdistractionfree.org\/wp-content\/uploads\/2024\/08\/ss-img2.webp","contentUrl":"https:\/\/generationdistractionfree.org\/wp-content\/uploads\/2024\/08\/ss-img2.webp"},{"@type":"BreadcrumbList","@id":"https:\/\/generationdistractionfree.org\/es\/resources\/#breadcrumb","itemListElement":[{"@type":"ListItem","position":1,"name":"Home","item":"https:\/\/generationdistractionfree.org\/es\/"},{"@type":"ListItem","position":2,"name":"Recursos"}]},{"@type":"WebSite","@id":"https:\/\/generationdistractionfree.org\/es\/#website","url":"https:\/\/generationdistractionfree.org\/es\/","name":"Governors Highway Safety Association","description":"","publisher":{"@id":"https:\/\/generationdistractionfree.org\/es\/#organization"},"potentialAction":[{"@type":"SearchAction","target":{"@type":"EntryPoint","urlTemplate":"https:\/\/generationdistractionfree.org\/es\/?s={search_term_string}"},"query-input":{"@type":"PropertyValueSpecification","valueRequired":true,"valueName":"search_term_string"}}],"inLanguage":"es"},{"@type":"Organization","@id":"https:\/\/generationdistractionfree.org\/es\/#organization","name":"Governors Highway Safety Association","url":"https:\/\/generationdistractionfree.org\/es\/","logo":{"@type":"ImageObject","inLanguage":"es","@id":"https:\/\/generationdistractionfree.org\/es\/#\/schema\/logo\/image\/","url":"https:\/\/generationdistractionfree.org\/wp-content\/uploads\/2024\/08\/ghsa-foot-logo.webp","contentUrl":"https:\/\/generationdistractionfree.org\/wp-content\/uploads\/2024\/08\/ghsa-foot-logo.webp","width":400,"height":123,"caption":"Governors Highway Safety Association"},"image":{"@id":"https:\/\/generationdistractionfree.org\/es\/#\/schema\/logo\/image\/"}}]}},"_links":{"self":[{"href":"https:\/\/generationdistractionfree.org\/es\/wp-json\/wp\/v2\/pages\/844","targetHints":{"allow":["GET"]}}],"collection":[{"href":"https:\/\/generationdistractionfree.org\/es\/wp-json\/wp\/v2\/pages"}],"about":[{"href":"https:\/\/generationdistractionfree.org\/es\/wp-json\/wp\/v2\/types\/page"}],"author":[{"embeddable":true,"href":"https:\/\/generationdistractionfree.org\/es\/wp-json\/wp\/v2\/users\/1"}],"replies":[{"embeddable":true,"href":"https:\/\/generationdistractionfree.org\/es\/wp-json\/wp\/v2\/comments?post=844"}],"version-history":[{"count":0,"href":"https:\/\/generationdistractionfree.org\/es\/wp-json\/wp\/v2\/pages\/844\/revisions"}],"wp:attachment":[{"href":"https:\/\/generationdistractionfree.org\/es\/wp-json\/wp\/v2\/media?parent=844"}],"curies":[{"name":"wp","href":"https:\/\/api.w.org\/{rel}","templated":true}]}}