{"id":839,"date":"2024-08-12T20:08:38","date_gmt":"2024-08-12T20:08:38","guid":{"rendered":"https:\/\/generationdistractionfree.org\/privacy-policy\/"},"modified":"2024-09-12T19:53:23","modified_gmt":"2024-09-12T19:53:23","slug":"privacy-policy","status":"publish","type":"page","link":"https:\/\/generationdistractionfree.org\/es\/privacy-policy\/","title":{"rendered":"Pol\u00edtica de privacidad"},"content":{"rendered":"\n<div class=\"wp-block-columns content-area is-layout-flex wp-container-core-columns-is-layout-9d6595d7 wp-block-columns-is-layout-flex\">\n<div class=\"wp-block-column is-layout-flow wp-block-column-is-layout-flow\">\n<h1 class=\"wp-block-heading\">Pol\u00edtica de Privacidad<\/h1>\n\n\n\n<p>Fecha de validez: septiembre de 2024<\/p>\n\n\n\n<p>Asociaci\u00f3n de Gobernadores para la Seguridad en las Carreteras: GHSA se compromete a proteger su privacidad. Esta Pol\u00edtica de Privacidad explica c\u00f3mo recopilamos, utilizamos, divulgamos y protegemos su informaci\u00f3n cuando visita nuestro sitio web <a href=\"https:\/\/GenerationDistractionFree.org\/es\">GenerationDistractionFree.org\/es<\/a>, as\u00ed como sus opciones con respecto a sus datos personales.<\/p>\n\n\n\n<ol class=\"wp-block-list\">\n<li><strong>Informaci\u00f3n que Recopilamos<\/strong>\u00a0Podemos recopilar informaci\u00f3n personal que usted nos suministre voluntariamente, como:<\/li>\n<\/ol>\n\n\n\n<ul class=\"wp-block-list\">\n<li>Nombre<\/li>\n\n\n\n<li>Direcci\u00f3n de correo electr\u00f3nico<\/li>\n\n\n\n<li>N\u00famero de tel\u00e9fono<\/li>\n\n\n\n<li>Mensajes personalizados que nos env\u00ede<\/li>\n<\/ul>\n\n\n\n<p>Adem\u00e1s, recopilamos autom\u00e1ticamente cierta informaci\u00f3n cuando visita nuestro sitio web, tal como:<\/p>\n\n\n\n<ul class=\"wp-block-list\">\n<li>Direcci\u00f3n IP<\/li>\n\n\n\n<li>Tipo de navegador<\/li>\n\n\n\n<li>Informaci\u00f3n del dispositivo<\/li>\n\n\n\n<li>Cookies y datos de uso<\/li>\n<\/ul>\n\n\n\n<p><strong>2. C\u00f3mo usamos su informaci\u00f3n<\/strong>\u00a0Usamos su informaci\u00f3n para:<\/p>\n\n\n\n<ul class=\"wp-block-list\">\n<li>Suministrar y gestionar nuestros servicios.<\/li>\n\n\n\n<li>Mejorar la funcionalidad del sitio web y la experiencia del usuario.<\/li>\n\n\n\n<li>ComunicarnComunicarnos con usted, incluyendo el env\u00edo de materiales promocionales.<\/li>\n\n\n\n<li>Analizar el desempe\u00f1o del sitio web mediante el seguimiento y an\u00e1lisis.<\/li>\n\n\n\n<li>Si marca la casilla para permitirnos usar su historia, esta puede ser compartida en otros medios como redes sociales, en este sitio web y otros materiales de publicidad.<\/li>\n<\/ul>\n\n\n\n<p><strong>3. Compartir su informaci\u00f3n<\/strong>\u00a0Podemos compartir sus datos personales con terceros en las siguientes circunstancias:<\/p>\n\n\n\n<ul class=\"wp-block-list\">\n<li>Con proveedores de servicios que nos ayudan a operar nuestro sitio web (por ejemplo, procesadores de pagos, servicios de alojamiento).<\/li>\n\n\n\n<li>En respuesta a obligaciones o solicitudes legales.<\/li>\n\n\n\n<li>Con su consentimiento, o para otros fines comerciales, seg\u00fan lo permitido por la ley.<\/li>\n<\/ul>\n\n\n\n<p><strong>4. Sus derechos de privacidad<\/strong>\u00a0Usted tiene derecho a:<\/p>\n\n\n\n<ul class=\"wp-block-list\">\n<li>Acceder, corregir o eliminar su informaci\u00f3n personal.<\/li>\n\n\n\n<li>Excluirse de las comunicaciones de publicidad.<\/li>\n\n\n\n<li>Restringir u oponerse a la manera en que se procesa su informaci\u00f3n personal.<\/li>\n\n\n\n<li>Revocar su consentimiento en cualquier momento (si el consentimiento fue la base legal para procesar sus datos).<\/li>\n<\/ul>\n\n\n\n<p><strong>5. Seguridad de los datos<\/strong>\u00a0Implementamos medidas de seguridad razonables para proteger su informaci\u00f3n personal contra el acceso no autorizado, divulgaci\u00f3n, alteraci\u00f3n y destrucci\u00f3n. Sin embargo, ning\u00fan m\u00e9todo de transmisi\u00f3n a trav\u00e9s del internet es 100% seguro.<\/p>\n\n\n\n<p><strong>6. Cookies<\/strong>\u00a0Utilizamos cookies para mejorar su experiencia de navegaci\u00f3n. Usted puede optar por deshabilitar las cookies a trav\u00e9s de la configuraci\u00f3n de su navegador, aunque esto puede afectar la funcionalidad de nuestro sitio web.<\/p>\n\n\n\n<p><strong>7. Cambios a esta Pol\u00edtica de Privacidad<\/strong>\u00a0Podemos actualizar esta Pol\u00edtica de Privacidad de vez en cuando. Cualquier cambio ser\u00e1 publicado en esta p\u00e1gina, y le sugerimos revisarla peri\u00f3dicamente.<\/p>\n\n\n\n<p><strong>8. Cont\u00e1ctenos<\/strong>\u00a0Si tiene alguna pregunta sobre esta Pol\u00edtica de Privacidad, por favor cont\u00e1ctenos en:<\/p>\n\n\n\n<p><a href=\"mailto:asnider@ghsa.org\">asnider@ghsa.org<\/a><br>202-580-7930.<br>660&nbsp;N. Capitol Street&nbsp;NW<br>Suite 220<br>Washington, DC 20001\u00ad-1642<\/p>\n<\/div>\n<\/div>\n\n\n\n<div style=\"height:100px\" aria-hidden=\"true\" class=\"wp-block-spacer mobile-spacer\"><\/div>\n","protected":false},"excerpt":{"rendered":"<p>Pol\u00edtica de Privacidad Fecha de validez: septiembre de 2024 Asociaci\u00f3n [&hellip;]<\/p>\n","protected":false},"author":1,"featured_media":0,"parent":0,"menu_order":0,"comment_status":"closed","ping_status":"closed","template":"","meta":{"_acf_changed":false,"footnotes":""},"class_list":["post-839","page","type-page","status-publish","hentry"],"acf":[],"yoast_head":"<!-- This site is optimized with the Yoast SEO plugin v23.6 - https:\/\/yoast.com\/wordpress\/plugins\/seo\/ -->\n<title>Pol\u00edtica de privacidad - Governors Highway Safety Association<\/title>\n<meta name=\"robots\" content=\"index, follow, max-snippet:-1, max-image-preview:large, max-video-preview:-1\" \/>\n<link rel=\"canonical\" href=\"https:\/\/generationdistractionfree.org\/es\/privacy-policy\/\" \/>\n<meta property=\"og:locale\" content=\"es_ES\" \/>\n<meta property=\"og:type\" content=\"article\" \/>\n<meta property=\"og:title\" content=\"Pol\u00edtica de privacidad - Governors Highway Safety Association\" \/>\n<meta property=\"og:description\" content=\"Pol\u00edtica de Privacidad Fecha de validez: septiembre de 2024 Asociaci\u00f3n [&hellip;]\" \/>\n<meta property=\"og:url\" content=\"https:\/\/generationdistractionfree.org\/es\/privacy-policy\/\" \/>\n<meta property=\"og:site_name\" content=\"Governors Highway Safety Association\" \/>\n<meta property=\"article:modified_time\" content=\"2024-09-12T19:53:23+00:00\" \/>\n<meta name=\"twitter:card\" content=\"summary_large_image\" \/>\n<meta name=\"twitter:label1\" content=\"Tiempo de lectura\" \/>\n\t<meta name=\"twitter:data1\" content=\"2 minutos\" \/>\n<script type=\"application\/ld+json\" class=\"yoast-schema-graph\">{\"@context\":\"https:\/\/schema.org\",\"@graph\":[{\"@type\":\"WebPage\",\"@id\":\"https:\/\/generationdistractionfree.org\/es\/privacy-policy\/\",\"url\":\"https:\/\/generationdistractionfree.org\/es\/privacy-policy\/\",\"name\":\"Pol\u00edtica de privacidad - Governors Highway Safety Association\",\"isPartOf\":{\"@id\":\"https:\/\/generationdistractionfree.org\/es\/#website\"},\"datePublished\":\"2024-08-12T20:08:38+00:00\",\"dateModified\":\"2024-09-12T19:53:23+00:00\",\"breadcrumb\":{\"@id\":\"https:\/\/generationdistractionfree.org\/es\/privacy-policy\/#breadcrumb\"},\"inLanguage\":\"es\",\"potentialAction\":[{\"@type\":\"ReadAction\",\"target\":[\"https:\/\/generationdistractionfree.org\/es\/privacy-policy\/\"]}]},{\"@type\":\"BreadcrumbList\",\"@id\":\"https:\/\/generationdistractionfree.org\/es\/privacy-policy\/#breadcrumb\",\"itemListElement\":[{\"@type\":\"ListItem\",\"position\":1,\"name\":\"Home\",\"item\":\"https:\/\/generationdistractionfree.org\/es\/\"},{\"@type\":\"ListItem\",\"position\":2,\"name\":\"Pol\u00edtica de privacidad\"}]},{\"@type\":\"WebSite\",\"@id\":\"https:\/\/generationdistractionfree.org\/es\/#website\",\"url\":\"https:\/\/generationdistractionfree.org\/es\/\",\"name\":\"Governors Highway Safety Association\",\"description\":\"\",\"publisher\":{\"@id\":\"https:\/\/generationdistractionfree.org\/es\/#organization\"},\"potentialAction\":[{\"@type\":\"SearchAction\",\"target\":{\"@type\":\"EntryPoint\",\"urlTemplate\":\"https:\/\/generationdistractionfree.org\/es\/?s={search_term_string}\"},\"query-input\":{\"@type\":\"PropertyValueSpecification\",\"valueRequired\":true,\"valueName\":\"search_term_string\"}}],\"inLanguage\":\"es\"},{\"@type\":\"Organization\",\"@id\":\"https:\/\/generationdistractionfree.org\/es\/#organization\",\"name\":\"Governors Highway Safety Association\",\"url\":\"https:\/\/generationdistractionfree.org\/es\/\",\"logo\":{\"@type\":\"ImageObject\",\"inLanguage\":\"es\",\"@id\":\"https:\/\/generationdistractionfree.org\/es\/#\/schema\/logo\/image\/\",\"url\":\"https:\/\/generationdistractionfree.org\/wp-content\/uploads\/2024\/08\/ghsa-foot-logo.webp\",\"contentUrl\":\"https:\/\/generationdistractionfree.org\/wp-content\/uploads\/2024\/08\/ghsa-foot-logo.webp\",\"width\":400,\"height\":123,\"caption\":\"Governors Highway Safety Association\"},\"image\":{\"@id\":\"https:\/\/generationdistractionfree.org\/es\/#\/schema\/logo\/image\/\"}}]}<\/script>\n<!-- \/ Yoast SEO plugin. -->","yoast_head_json":{"title":"Pol\u00edtica de privacidad - Governors Highway Safety Association","robots":{"index":"index","follow":"follow","max-snippet":"max-snippet:-1","max-image-preview":"max-image-preview:large","max-video-preview":"max-video-preview:-1"},"canonical":"https:\/\/generationdistractionfree.org\/es\/privacy-policy\/","og_locale":"es_ES","og_type":"article","og_title":"Pol\u00edtica de privacidad - Governors Highway Safety Association","og_description":"Pol\u00edtica de Privacidad Fecha de validez: septiembre de 2024 Asociaci\u00f3n [&hellip;]","og_url":"https:\/\/generationdistractionfree.org\/es\/privacy-policy\/","og_site_name":"Governors Highway Safety Association","article_modified_time":"2024-09-12T19:53:23+00:00","twitter_card":"summary_large_image","twitter_misc":{"Tiempo de lectura":"2 minutos"},"schema":{"@context":"https:\/\/schema.org","@graph":[{"@type":"WebPage","@id":"https:\/\/generationdistractionfree.org\/es\/privacy-policy\/","url":"https:\/\/generationdistractionfree.org\/es\/privacy-policy\/","name":"Pol\u00edtica de privacidad - Governors Highway Safety Association","isPartOf":{"@id":"https:\/\/generationdistractionfree.org\/es\/#website"},"datePublished":"2024-08-12T20:08:38+00:00","dateModified":"2024-09-12T19:53:23+00:00","breadcrumb":{"@id":"https:\/\/generationdistractionfree.org\/es\/privacy-policy\/#breadcrumb"},"inLanguage":"es","potentialAction":[{"@type":"ReadAction","target":["https:\/\/generationdistractionfree.org\/es\/privacy-policy\/"]}]},{"@type":"BreadcrumbList","@id":"https:\/\/generationdistractionfree.org\/es\/privacy-policy\/#breadcrumb","itemListElement":[{"@type":"ListItem","position":1,"name":"Home","item":"https:\/\/generationdistractionfree.org\/es\/"},{"@type":"ListItem","position":2,"name":"Pol\u00edtica de privacidad"}]},{"@type":"WebSite","@id":"https:\/\/generationdistractionfree.org\/es\/#website","url":"https:\/\/generationdistractionfree.org\/es\/","name":"Governors Highway Safety Association","description":"","publisher":{"@id":"https:\/\/generationdistractionfree.org\/es\/#organization"},"potentialAction":[{"@type":"SearchAction","target":{"@type":"EntryPoint","urlTemplate":"https:\/\/generationdistractionfree.org\/es\/?s={search_term_string}"},"query-input":{"@type":"PropertyValueSpecification","valueRequired":true,"valueName":"search_term_string"}}],"inLanguage":"es"},{"@type":"Organization","@id":"https:\/\/generationdistractionfree.org\/es\/#organization","name":"Governors Highway Safety Association","url":"https:\/\/generationdistractionfree.org\/es\/","logo":{"@type":"ImageObject","inLanguage":"es","@id":"https:\/\/generationdistractionfree.org\/es\/#\/schema\/logo\/image\/","url":"https:\/\/generationdistractionfree.org\/wp-content\/uploads\/2024\/08\/ghsa-foot-logo.webp","contentUrl":"https:\/\/generationdistractionfree.org\/wp-content\/uploads\/2024\/08\/ghsa-foot-logo.webp","width":400,"height":123,"caption":"Governors Highway Safety Association"},"image":{"@id":"https:\/\/generationdistractionfree.org\/es\/#\/schema\/logo\/image\/"}}]}},"_links":{"self":[{"href":"https:\/\/generationdistractionfree.org\/es\/wp-json\/wp\/v2\/pages\/839","targetHints":{"allow":["GET"]}}],"collection":[{"href":"https:\/\/generationdistractionfree.org\/es\/wp-json\/wp\/v2\/pages"}],"about":[{"href":"https:\/\/generationdistractionfree.org\/es\/wp-json\/wp\/v2\/types\/page"}],"author":[{"embeddable":true,"href":"https:\/\/generationdistractionfree.org\/es\/wp-json\/wp\/v2\/users\/1"}],"replies":[{"embeddable":true,"href":"https:\/\/generationdistractionfree.org\/es\/wp-json\/wp\/v2\/comments?post=839"}],"version-history":[{"count":0,"href":"https:\/\/generationdistractionfree.org\/es\/wp-json\/wp\/v2\/pages\/839\/revisions"}],"wp:attachment":[{"href":"https:\/\/generationdistractionfree.org\/es\/wp-json\/wp\/v2\/media?parent=839"}],"curies":[{"name":"wp","href":"https:\/\/api.w.org\/{rel}","templated":true}]}}