{"id":661,"date":"2024-07-30T22:40:17","date_gmt":"2024-07-30T22:40:17","guid":{"rendered":"https:\/\/generationdistractionfree.org\/?page_id=661"},"modified":"2024-08-30T19:48:33","modified_gmt":"2024-08-30T19:48:33","slug":"parent-tips","status":"publish","type":"page","link":"https:\/\/generationdistractionfree.org\/es\/parent-tips\/","title":{"rendered":"Consejos para padres"},"content":{"rendered":"<div class=\"content-wide\">\n    <section class=\"content-area flex\">\n        <div class=\"column50 pad-right large-body fader\">\n            <h1 class=\"uppercase\">S\u00c9 UN EJEMPLO DE SEGURIDAD DESDE EL PRIMER D\u00cdA<\/h1>\n            <p>Desde beb\u00e9s, tus hijos te observan y escuchan. Desde peque\u00f1os comienzan a actuar y hablar como t\u00fa lo haces. (S\u00ed, as\u00ed te oyes y te ves.) Tus acciones y palabras son referencias definitivas para ellos.<\/p>\n<p>Aseg\u00farate de que saben lo que est\u00e1 bien y lo que no, mostr\u00e1ndoles lo f\u00e1cil que es estar libre de distracciones como conductor, pasajero, ciclista o peat\u00f3n.<\/p>\n        <\/div>\n        <div class=\"column50 slide-left mobile-hide\">\n            <img decoding=\"async\" class=\"image-right\" src=\"https:\/\/generationdistractionfree.org\/wp-content\/uploads\/2024\/07\/tips-head.webp\">\n        <\/div>\n    <\/section>\n<\/div>\n<!-- <div class=\"spacer100\"><\/div> -->\n\n\n<div style=\"height:60px\" aria-hidden=\"true\" class=\"wp-block-spacer\"><\/div>\n\n\n<section class=\"content-wide p-bg\">\n    <div class=\"p-rounded-top\"><\/div>\n    <div class=\"content-area\">\n        <div class=\"spacer100\"><\/div>\n        <div class=\"flex\">\n            <div class=\"column40 mobile-hide\">\n                <img decoding=\"async\" class=\"image-left\" src=\"https:\/\/generationdistractionfree.org\/wp-content\/uploads\/2024\/07\/tips-img1.webp\">\n            <\/div>\n            <div class=\"column60\">\n                <h2 class=\"yellow\">Protecci\u00f3n a trav\u00e9s de la prevenci\u00f3n<\/h2>\n                <div class=\"white large-body\">\n                    <p>Ser responsable y tomar parte en la soluci\u00f3n de problemas significa hablar y tomar decisiones seguras todos los d\u00edas. Ense\u00f1a a tu familia que cualquier tipo de distracci\u00f3n, por peque\u00f1a que sea, no es buena y br\u00edndales herramientas que les ayude en su tarea.<\/p>\n<p><a class=\"btn-trans margin-right\" href=\"https:\/\/generationdistractionfree.org\/es\/parent-tips\/in-the-home\/\">QU\u00c9 HACER EN CASA<\/a><a class=\"btn-white\" href=\"https:\/\/generationdistractionfree.org\/es\/parent-tips\/on-the-road\/\">QU\u00c9 HACER EN LA CARRETERA<\/a><\/p>\n                <\/div>\n            <\/div>\n        <\/div>\n        <div class=\"spacer\"><\/div>\n    <\/div>\n<\/section>\n<div class=\"p-rounded-bottom\"><\/div>\n<img decoding=\"async\" style=\"width: 100%\" src=\"https:\/\/generationdistractionfree.org\/wp-content\/themes\/ghsa\/assets\/images\/bottom-curve.webp\">","protected":false},"excerpt":{"rendered":"","protected":false},"author":1,"featured_media":0,"parent":0,"menu_order":0,"comment_status":"closed","ping_status":"closed","template":"","meta":{"_acf_changed":false,"footnotes":""},"class_list":["post-661","page","type-page","status-publish","hentry"],"acf":[],"yoast_head":"<!-- This site is optimized with the Yoast SEO plugin v23.6 - https:\/\/yoast.com\/wordpress\/plugins\/seo\/ -->\n<title>Consejos para padres - Governors Highway Safety Association<\/title>\n<meta name=\"robots\" content=\"index, follow, max-snippet:-1, max-image-preview:large, max-video-preview:-1\" \/>\n<link rel=\"canonical\" href=\"https:\/\/generationdistractionfree.org\/es\/parent-tips\/\" \/>\n<meta property=\"og:locale\" content=\"es_ES\" \/>\n<meta property=\"og:type\" content=\"article\" \/>\n<meta property=\"og:title\" content=\"Consejos para padres - Governors Highway Safety Association\" \/>\n<meta property=\"og:url\" content=\"https:\/\/generationdistractionfree.org\/es\/parent-tips\/\" \/>\n<meta property=\"og:site_name\" content=\"Governors Highway Safety Association\" \/>\n<meta property=\"article:modified_time\" content=\"2024-08-30T19:48:33+00:00\" \/>\n<meta name=\"twitter:card\" content=\"summary_large_image\" \/>\n<script type=\"application\/ld+json\" class=\"yoast-schema-graph\">{\"@context\":\"https:\/\/schema.org\",\"@graph\":[{\"@type\":\"WebPage\",\"@id\":\"https:\/\/generationdistractionfree.org\/es\/parent-tips\/\",\"url\":\"https:\/\/generationdistractionfree.org\/es\/parent-tips\/\",\"name\":\"Consejos para padres - Governors Highway Safety Association\",\"isPartOf\":{\"@id\":\"https:\/\/generationdistractionfree.org\/es\/#website\"},\"datePublished\":\"2024-07-30T22:40:17+00:00\",\"dateModified\":\"2024-08-30T19:48:33+00:00\",\"breadcrumb\":{\"@id\":\"https:\/\/generationdistractionfree.org\/es\/parent-tips\/#breadcrumb\"},\"inLanguage\":\"es\",\"potentialAction\":[{\"@type\":\"ReadAction\",\"target\":[\"https:\/\/generationdistractionfree.org\/es\/parent-tips\/\"]}]},{\"@type\":\"BreadcrumbList\",\"@id\":\"https:\/\/generationdistractionfree.org\/es\/parent-tips\/#breadcrumb\",\"itemListElement\":[{\"@type\":\"ListItem\",\"position\":1,\"name\":\"Home\",\"item\":\"https:\/\/generationdistractionfree.org\/es\/\"},{\"@type\":\"ListItem\",\"position\":2,\"name\":\"Consejos para padres\"}]},{\"@type\":\"WebSite\",\"@id\":\"https:\/\/generationdistractionfree.org\/es\/#website\",\"url\":\"https:\/\/generationdistractionfree.org\/es\/\",\"name\":\"Governors Highway Safety Association\",\"description\":\"\",\"publisher\":{\"@id\":\"https:\/\/generationdistractionfree.org\/es\/#organization\"},\"potentialAction\":[{\"@type\":\"SearchAction\",\"target\":{\"@type\":\"EntryPoint\",\"urlTemplate\":\"https:\/\/generationdistractionfree.org\/es\/?s={search_term_string}\"},\"query-input\":{\"@type\":\"PropertyValueSpecification\",\"valueRequired\":true,\"valueName\":\"search_term_string\"}}],\"inLanguage\":\"es\"},{\"@type\":\"Organization\",\"@id\":\"https:\/\/generationdistractionfree.org\/es\/#organization\",\"name\":\"Governors Highway Safety Association\",\"url\":\"https:\/\/generationdistractionfree.org\/es\/\",\"logo\":{\"@type\":\"ImageObject\",\"inLanguage\":\"es\",\"@id\":\"https:\/\/generationdistractionfree.org\/es\/#\/schema\/logo\/image\/\",\"url\":\"https:\/\/generationdistractionfree.org\/wp-content\/uploads\/2024\/08\/ghsa-foot-logo.webp\",\"contentUrl\":\"https:\/\/generationdistractionfree.org\/wp-content\/uploads\/2024\/08\/ghsa-foot-logo.webp\",\"width\":400,\"height\":123,\"caption\":\"Governors Highway Safety Association\"},\"image\":{\"@id\":\"https:\/\/generationdistractionfree.org\/es\/#\/schema\/logo\/image\/\"}}]}<\/script>\n<!-- \/ Yoast SEO plugin. -->","yoast_head_json":{"title":"Consejos para padres - Governors Highway Safety Association","robots":{"index":"index","follow":"follow","max-snippet":"max-snippet:-1","max-image-preview":"max-image-preview:large","max-video-preview":"max-video-preview:-1"},"canonical":"https:\/\/generationdistractionfree.org\/es\/parent-tips\/","og_locale":"es_ES","og_type":"article","og_title":"Consejos para padres - Governors Highway Safety Association","og_url":"https:\/\/generationdistractionfree.org\/es\/parent-tips\/","og_site_name":"Governors Highway Safety Association","article_modified_time":"2024-08-30T19:48:33+00:00","twitter_card":"summary_large_image","schema":{"@context":"https:\/\/schema.org","@graph":[{"@type":"WebPage","@id":"https:\/\/generationdistractionfree.org\/es\/parent-tips\/","url":"https:\/\/generationdistractionfree.org\/es\/parent-tips\/","name":"Consejos para padres - Governors Highway Safety Association","isPartOf":{"@id":"https:\/\/generationdistractionfree.org\/es\/#website"},"datePublished":"2024-07-30T22:40:17+00:00","dateModified":"2024-08-30T19:48:33+00:00","breadcrumb":{"@id":"https:\/\/generationdistractionfree.org\/es\/parent-tips\/#breadcrumb"},"inLanguage":"es","potentialAction":[{"@type":"ReadAction","target":["https:\/\/generationdistractionfree.org\/es\/parent-tips\/"]}]},{"@type":"BreadcrumbList","@id":"https:\/\/generationdistractionfree.org\/es\/parent-tips\/#breadcrumb","itemListElement":[{"@type":"ListItem","position":1,"name":"Home","item":"https:\/\/generationdistractionfree.org\/es\/"},{"@type":"ListItem","position":2,"name":"Consejos para padres"}]},{"@type":"WebSite","@id":"https:\/\/generationdistractionfree.org\/es\/#website","url":"https:\/\/generationdistractionfree.org\/es\/","name":"Governors Highway Safety Association","description":"","publisher":{"@id":"https:\/\/generationdistractionfree.org\/es\/#organization"},"potentialAction":[{"@type":"SearchAction","target":{"@type":"EntryPoint","urlTemplate":"https:\/\/generationdistractionfree.org\/es\/?s={search_term_string}"},"query-input":{"@type":"PropertyValueSpecification","valueRequired":true,"valueName":"search_term_string"}}],"inLanguage":"es"},{"@type":"Organization","@id":"https:\/\/generationdistractionfree.org\/es\/#organization","name":"Governors Highway Safety Association","url":"https:\/\/generationdistractionfree.org\/es\/","logo":{"@type":"ImageObject","inLanguage":"es","@id":"https:\/\/generationdistractionfree.org\/es\/#\/schema\/logo\/image\/","url":"https:\/\/generationdistractionfree.org\/wp-content\/uploads\/2024\/08\/ghsa-foot-logo.webp","contentUrl":"https:\/\/generationdistractionfree.org\/wp-content\/uploads\/2024\/08\/ghsa-foot-logo.webp","width":400,"height":123,"caption":"Governors Highway Safety Association"},"image":{"@id":"https:\/\/generationdistractionfree.org\/es\/#\/schema\/logo\/image\/"}}]}},"_links":{"self":[{"href":"https:\/\/generationdistractionfree.org\/es\/wp-json\/wp\/v2\/pages\/661","targetHints":{"allow":["GET"]}}],"collection":[{"href":"https:\/\/generationdistractionfree.org\/es\/wp-json\/wp\/v2\/pages"}],"about":[{"href":"https:\/\/generationdistractionfree.org\/es\/wp-json\/wp\/v2\/types\/page"}],"author":[{"embeddable":true,"href":"https:\/\/generationdistractionfree.org\/es\/wp-json\/wp\/v2\/users\/1"}],"replies":[{"embeddable":true,"href":"https:\/\/generationdistractionfree.org\/es\/wp-json\/wp\/v2\/comments?post=661"}],"version-history":[{"count":0,"href":"https:\/\/generationdistractionfree.org\/es\/wp-json\/wp\/v2\/pages\/661\/revisions"}],"wp:attachment":[{"href":"https:\/\/generationdistractionfree.org\/es\/wp-json\/wp\/v2\/media?parent=661"}],"curies":[{"name":"wp","href":"https:\/\/api.w.org\/{rel}","templated":true}]}}